{"id":16730,"date":"2025-06-10T17:50:08","date_gmt":"2025-06-10T15:50:08","guid":{"rendered":"https:\/\/meschonka.com\/?post_type=product&#038;p=16730"},"modified":"2025-06-28T13:42:36","modified_gmt":"2025-06-28T11:42:36","slug":"gerbera","status":"publish","type":"product","link":"https:\/\/meschonka.com\/en\/shop\/rings\/gerbera\/","title":{"rendered":"Ring Gerbera"},"content":{"rendered":"<p>Ein schlichter, weich geformter Ring aus massivem Sterlingsilber mit einem ovalen Turmalin.<\/p>\n<p>Der Stein misst 8x5mm und ist in einem ovalen Spiegelschliff geschliffen, also oben flach, wodurch die sch\u00f6ne Rosa Farbe besonders gut zur Geltung kommt. Er sitzt in einer breiten Zargenfassung, die ihn sicher h\u00e4lt und schwungvoll in die Ringschiene \u00fcbergeht.<\/p>\n<p>Die Ringschiene ist 4,5mm breit und au\u00dfen und an den Kanten abgerundet. Dadurch sitzt der Ring sicher und sehr angenehm am Finger. Er hat die Gr\u00f6\u00dfe 52 und kann auf Wunsch um bis zu zwei Nummern vergr\u00f6\u00dfert werden.<\/p>\n<p>Dieser Ring kann durch eine Innengravur personalisiert werden. Mehr Infos dazu gibt es <a href=\"https:\/\/meschonka.com\/gravuren\/\">hier<\/a>.<\/p>\n<p>&nbsp;<\/p>\n","protected":false},"excerpt":{"rendered":"<p>Handgemachter Ring aus Sterlingsilber mit rosafarbenem Turmalin<\/p>\n","protected":false},"featured_media":16733,"template":"","meta":[],"product_brand":[],"product_cat":[207,98],"product_tag":[92],"class_list":{"0":"post-16730","1":"product","2":"type-product","3":"status-publish","4":"has-post-thumbnail","6":"product_cat-edelsteinschmuck","7":"product_cat-ringe","8":"product_tag-einzelstueck","9":"product_shipping_class-bis-500e-warenwert","11":"first","12":"instock","13":"shipping-taxable","14":"purchasable","15":"product-type-simple"},"yoast_head":"<!-- This site is optimized with the Yoast SEO plugin v27.4 - https:\/\/yoast.com\/product\/yoast-seo-wordpress\/ -->\n<title>Ring Gerbera - Goldschmiede - Maria Scheschonka<\/title>\n<meta name=\"description\" content=\"Ein weich geformter Ring aus massivem Sterlingsilber mit ovalem rosafarbenen Turmalin im Spiegelschliff. Gr\u00f6\u00dfe 52; Handarbeit.\" \/>\n<meta name=\"robots\" content=\"noindex, follow, max-snippet:-1, max-image-preview:large, max-video-preview:-1\" \/>\n<meta property=\"og:locale\" content=\"en_US\" \/>\n<meta property=\"og:type\" content=\"article\" \/>\n<meta property=\"og:title\" content=\"Ring Gerbera - Goldschmiede - Maria Scheschonka\" \/>\n<meta property=\"og:description\" content=\"Ein weich geformter Ring aus massivem Sterlingsilber mit ovalem rosafarbenen Turmalin im Spiegelschliff. Gr\u00f6\u00dfe 52; Handarbeit.\" \/>\n<meta property=\"og:url\" content=\"https:\/\/meschonka.com\/shop\/ringe\/gerbera\/\" \/>\n<meta property=\"og:site_name\" content=\"Goldschmiede - Maria Scheschonka\" \/>\n<meta property=\"article:modified_time\" content=\"2025-06-28T11:42:36+00:00\" \/>\n<meta property=\"og:image\" content=\"https:\/\/meschonka.com\/wp-content\/uploads\/2025\/06\/IMG_7871b.jpg\" \/>\n\t<meta property=\"og:image:width\" content=\"1920\" \/>\n\t<meta property=\"og:image:height\" content=\"1920\" \/>\n\t<meta property=\"og:image:type\" content=\"image\/jpeg\" \/>\n<meta name=\"twitter:card\" content=\"summary_large_image\" \/>\n<meta name=\"twitter:label1\" content=\"Est. reading time\" \/>\n\t<meta name=\"twitter:data1\" content=\"1 minute\" \/>\n<script type=\"application\/ld+json\" class=\"yoast-schema-graph\">{\"@context\":\"https:\\\/\\\/schema.org\",\"@graph\":[{\"@type\":\"WebPage\",\"@id\":\"https:\\\/\\\/meschonka.com\\\/shop\\\/ringe\\\/gerbera\\\/\",\"url\":\"https:\\\/\\\/meschonka.com\\\/shop\\\/ringe\\\/gerbera\\\/\",\"name\":\"Ring Gerbera - Goldschmiede - Maria Scheschonka\",\"isPartOf\":{\"@id\":\"https:\\\/\\\/meschonka.com\\\/#website\"},\"primaryImageOfPage\":{\"@id\":\"https:\\\/\\\/meschonka.com\\\/shop\\\/ringe\\\/gerbera\\\/#primaryimage\"},\"image\":{\"@id\":\"https:\\\/\\\/meschonka.com\\\/shop\\\/ringe\\\/gerbera\\\/#primaryimage\"},\"thumbnailUrl\":\"https:\\\/\\\/meschonka.com\\\/wp-content\\\/uploads\\\/2025\\\/06\\\/IMG_7871b.jpg\",\"datePublished\":\"2025-06-10T15:50:08+00:00\",\"dateModified\":\"2025-06-28T11:42:36+00:00\",\"description\":\"Ein weich geformter Ring aus massivem Sterlingsilber mit ovalem rosafarbenen Turmalin im Spiegelschliff. Gr\u00f6\u00dfe 52; Handarbeit.\",\"breadcrumb\":{\"@id\":\"https:\\\/\\\/meschonka.com\\\/shop\\\/ringe\\\/gerbera\\\/#breadcrumb\"},\"inLanguage\":\"en-US\",\"potentialAction\":[{\"@type\":\"ReadAction\",\"target\":[\"https:\\\/\\\/meschonka.com\\\/shop\\\/ringe\\\/gerbera\\\/\"]}]},{\"@type\":\"ImageObject\",\"inLanguage\":\"en-US\",\"@id\":\"https:\\\/\\\/meschonka.com\\\/shop\\\/ringe\\\/gerbera\\\/#primaryimage\",\"url\":\"https:\\\/\\\/meschonka.com\\\/wp-content\\\/uploads\\\/2025\\\/06\\\/IMG_7871b.jpg\",\"contentUrl\":\"https:\\\/\\\/meschonka.com\\\/wp-content\\\/uploads\\\/2025\\\/06\\\/IMG_7871b.jpg\",\"width\":1920,\"height\":1920,\"caption\":\"Silberring mit ovalem rosa Turmalin\"},{\"@type\":\"BreadcrumbList\",\"@id\":\"https:\\\/\\\/meschonka.com\\\/shop\\\/ringe\\\/gerbera\\\/#breadcrumb\",\"itemListElement\":[{\"@type\":\"ListItem\",\"position\":1,\"name\":\"Startseite\",\"item\":\"https:\\\/\\\/meschonka.com\\\/\"},{\"@type\":\"ListItem\",\"position\":2,\"name\":\"Shop\",\"item\":\"https:\\\/\\\/meschonka.com\\\/shop\\\/\"},{\"@type\":\"ListItem\",\"position\":3,\"name\":\"Ring Gerbera\"}]},{\"@type\":\"WebSite\",\"@id\":\"https:\\\/\\\/meschonka.com\\\/#website\",\"url\":\"https:\\\/\\\/meschonka.com\\\/\",\"name\":\"Meschonka\",\"description\":\"\",\"publisher\":{\"@id\":\"https:\\\/\\\/meschonka.com\\\/#organization\"},\"potentialAction\":[{\"@type\":\"SearchAction\",\"target\":{\"@type\":\"EntryPoint\",\"urlTemplate\":\"https:\\\/\\\/meschonka.com\\\/?s={search_term_string}\"},\"query-input\":{\"@type\":\"PropertyValueSpecification\",\"valueRequired\":true,\"valueName\":\"search_term_string\"}}],\"inLanguage\":\"en-US\"},{\"@type\":\"Organization\",\"@id\":\"https:\\\/\\\/meschonka.com\\\/#organization\",\"name\":\"Meschonka\",\"url\":\"https:\\\/\\\/meschonka.com\\\/\",\"logo\":{\"@type\":\"ImageObject\",\"inLanguage\":\"en-US\",\"@id\":\"https:\\\/\\\/meschonka.com\\\/#\\\/schema\\\/logo\\\/image\\\/\",\"url\":\"https:\\\/\\\/meschonka.com\\\/wp-content\\\/uploads\\\/2024\\\/10\\\/Mein-Logo-gross-768x768-2.jpg\",\"contentUrl\":\"https:\\\/\\\/meschonka.com\\\/wp-content\\\/uploads\\\/2024\\\/10\\\/Mein-Logo-gross-768x768-2.jpg\",\"width\":768,\"height\":768,\"caption\":\"Meschonka\"},\"image\":{\"@id\":\"https:\\\/\\\/meschonka.com\\\/#\\\/schema\\\/logo\\\/image\\\/\"}}]}<\/script>\n<!-- \/ Yoast SEO plugin. -->","yoast_head_json":{"title":"Ring Gerbera - Goldschmiede - Maria Scheschonka","description":"Ein weich geformter Ring aus massivem Sterlingsilber mit ovalem rosafarbenen Turmalin im Spiegelschliff. Gr\u00f6\u00dfe 52; Handarbeit.","robots":{"index":"noindex","follow":"follow","max-snippet":"max-snippet:-1","max-image-preview":"max-image-preview:large","max-video-preview":"max-video-preview:-1"},"og_locale":"en_US","og_type":"article","og_title":"Ring Gerbera - Goldschmiede - Maria Scheschonka","og_description":"Ein weich geformter Ring aus massivem Sterlingsilber mit ovalem rosafarbenen Turmalin im Spiegelschliff. Gr\u00f6\u00dfe 52; Handarbeit.","og_url":"https:\/\/meschonka.com\/shop\/ringe\/gerbera\/","og_site_name":"Goldschmiede - Maria Scheschonka","article_modified_time":"2025-06-28T11:42:36+00:00","og_image":[{"width":1920,"height":1920,"url":"https:\/\/meschonka.com\/wp-content\/uploads\/2025\/06\/IMG_7871b.jpg","type":"image\/jpeg"}],"twitter_card":"summary_large_image","twitter_misc":{"Est. reading time":"1 minute"},"schema":{"@context":"https:\/\/schema.org","@graph":[{"@type":"WebPage","@id":"https:\/\/meschonka.com\/shop\/ringe\/gerbera\/","url":"https:\/\/meschonka.com\/shop\/ringe\/gerbera\/","name":"Ring Gerbera - Goldschmiede - Maria Scheschonka","isPartOf":{"@id":"https:\/\/meschonka.com\/#website"},"primaryImageOfPage":{"@id":"https:\/\/meschonka.com\/shop\/ringe\/gerbera\/#primaryimage"},"image":{"@id":"https:\/\/meschonka.com\/shop\/ringe\/gerbera\/#primaryimage"},"thumbnailUrl":"https:\/\/meschonka.com\/wp-content\/uploads\/2025\/06\/IMG_7871b.jpg","datePublished":"2025-06-10T15:50:08+00:00","dateModified":"2025-06-28T11:42:36+00:00","description":"Ein weich geformter Ring aus massivem Sterlingsilber mit ovalem rosafarbenen Turmalin im Spiegelschliff. Gr\u00f6\u00dfe 52; Handarbeit.","breadcrumb":{"@id":"https:\/\/meschonka.com\/shop\/ringe\/gerbera\/#breadcrumb"},"inLanguage":"en-US","potentialAction":[{"@type":"ReadAction","target":["https:\/\/meschonka.com\/shop\/ringe\/gerbera\/"]}]},{"@type":"ImageObject","inLanguage":"en-US","@id":"https:\/\/meschonka.com\/shop\/ringe\/gerbera\/#primaryimage","url":"https:\/\/meschonka.com\/wp-content\/uploads\/2025\/06\/IMG_7871b.jpg","contentUrl":"https:\/\/meschonka.com\/wp-content\/uploads\/2025\/06\/IMG_7871b.jpg","width":1920,"height":1920,"caption":"Silberring mit ovalem rosa Turmalin"},{"@type":"BreadcrumbList","@id":"https:\/\/meschonka.com\/shop\/ringe\/gerbera\/#breadcrumb","itemListElement":[{"@type":"ListItem","position":1,"name":"Startseite","item":"https:\/\/meschonka.com\/"},{"@type":"ListItem","position":2,"name":"Shop","item":"https:\/\/meschonka.com\/shop\/"},{"@type":"ListItem","position":3,"name":"Ring Gerbera"}]},{"@type":"WebSite","@id":"https:\/\/meschonka.com\/#website","url":"https:\/\/meschonka.com\/","name":"Meschonka","description":"","publisher":{"@id":"https:\/\/meschonka.com\/#organization"},"potentialAction":[{"@type":"SearchAction","target":{"@type":"EntryPoint","urlTemplate":"https:\/\/meschonka.com\/?s={search_term_string}"},"query-input":{"@type":"PropertyValueSpecification","valueRequired":true,"valueName":"search_term_string"}}],"inLanguage":"en-US"},{"@type":"Organization","@id":"https:\/\/meschonka.com\/#organization","name":"Meschonka","url":"https:\/\/meschonka.com\/","logo":{"@type":"ImageObject","inLanguage":"en-US","@id":"https:\/\/meschonka.com\/#\/schema\/logo\/image\/","url":"https:\/\/meschonka.com\/wp-content\/uploads\/2024\/10\/Mein-Logo-gross-768x768-2.jpg","contentUrl":"https:\/\/meschonka.com\/wp-content\/uploads\/2024\/10\/Mein-Logo-gross-768x768-2.jpg","width":768,"height":768,"caption":"Meschonka"},"image":{"@id":"https:\/\/meschonka.com\/#\/schema\/logo\/image\/"}}]}},"_links":{"self":[{"href":"https:\/\/meschonka.com\/en\/wp-json\/wp\/v2\/product\/16730","targetHints":{"allow":["GET"]}}],"collection":[{"href":"https:\/\/meschonka.com\/en\/wp-json\/wp\/v2\/product"}],"about":[{"href":"https:\/\/meschonka.com\/en\/wp-json\/wp\/v2\/types\/product"}],"version-history":[{"count":3,"href":"https:\/\/meschonka.com\/en\/wp-json\/wp\/v2\/product\/16730\/revisions"}],"predecessor-version":[{"id":16742,"href":"https:\/\/meschonka.com\/en\/wp-json\/wp\/v2\/product\/16730\/revisions\/16742"}],"wp:featuredmedia":[{"embeddable":true,"href":"https:\/\/meschonka.com\/en\/wp-json\/wp\/v2\/media\/16733"}],"wp:attachment":[{"href":"https:\/\/meschonka.com\/en\/wp-json\/wp\/v2\/media?parent=16730"}],"wp:term":[{"taxonomy":"product_brand","embeddable":true,"href":"https:\/\/meschonka.com\/en\/wp-json\/wp\/v2\/product_brand?post=16730"},{"taxonomy":"product_cat","embeddable":true,"href":"https:\/\/meschonka.com\/en\/wp-json\/wp\/v2\/product_cat?post=16730"},{"taxonomy":"product_tag","embeddable":true,"href":"https:\/\/meschonka.com\/en\/wp-json\/wp\/v2\/product_tag?post=16730"}],"curies":[{"name":"wp","href":"https:\/\/api.w.org\/{rel}","templated":true}]}}