{"id":16500,"date":"2025-03-13T20:07:31","date_gmt":"2025-03-13T19:07:31","guid":{"rendered":"https:\/\/meschonka.com\/?post_type=product&#038;p=16500"},"modified":"2025-03-14T16:21:17","modified_gmt":"2025-03-14T15:21:17","slug":"ring-bubbles","status":"publish","type":"product","link":"https:\/\/meschonka.com\/en\/shop\/rings\/ring-bubbles\/","title":{"rendered":"Ring Bubbles"},"content":{"rendered":"<p>Dieser handgearbeitete Silberring ist zart, angenehm zu tragen und trotzdem ein Hingucker. Die abgerundete und dadurch sehr bequeme Ringschiene ist matt und geschw\u00e4rzt. Darauf sind 5 unterschiedlich gro\u00dfe ungeschw\u00e4rzte und polierte Silberkugeln unregelm\u00e4\u00dfig angeordnet.<\/p>\n<p>Die Ringschiene ist 2mm breit, die gr\u00f6\u00dfte Kugel hat einen Durchmesser von5,6mm und der Ring hat die Gr\u00f6\u00dfe 51,5.<\/p>\n<p>Er kann in der Gr\u00f6\u00dfe ge\u00e4ndert oder in einer anderen Gr\u00f6\u00dfe angefertigt werden.<\/p>\n","protected":false},"excerpt":{"rendered":"<p>Ring aus zweifarbigem Silber und organischen Formen<\/p>\n","protected":false},"featured_media":16501,"template":"","meta":[],"product_brand":[],"product_cat":[98],"product_tag":[139,89],"class_list":{"0":"post-16500","1":"product","2":"type-product","3":"status-publish","4":"has-post-thumbnail","6":"product_cat-ringe","7":"product_tag-geschwaerzt","8":"product_tag-silber","9":"product_shipping_class-bis-500e-warenwert","11":"first","12":"instock","13":"shipping-taxable","14":"purchasable","15":"product-type-simple"},"yoast_head":"<!-- This site is optimized with the Yoast SEO plugin v27.4 - https:\/\/yoast.com\/product\/yoast-seo-wordpress\/ -->\n<title>Ring Bubbles - Goldschmiede - Maria Scheschonka<\/title>\n<meta name=\"description\" content=\"Handgemachter Ring aus Silber mit geschw\u00e4rzter Ringschiene und unregelm\u00e4\u00dfigen polierten Silberkugeln. Kann in verschiedenen Gr\u00f6\u00dfen angefertigt werden.\" \/>\n<meta name=\"robots\" content=\"noindex, follow, max-snippet:-1, max-image-preview:large, max-video-preview:-1\" \/>\n<meta property=\"og:locale\" content=\"en_US\" \/>\n<meta property=\"og:type\" content=\"article\" \/>\n<meta property=\"og:title\" content=\"Ring Bubbles - Goldschmiede - Maria Scheschonka\" \/>\n<meta property=\"og:description\" content=\"Handgemachter Ring aus Silber mit geschw\u00e4rzter Ringschiene und unregelm\u00e4\u00dfigen polierten Silberkugeln. Kann in verschiedenen Gr\u00f6\u00dfen angefertigt werden.\" \/>\n<meta property=\"og:url\" content=\"https:\/\/meschonka.com\/shop\/ringe\/ring-bubbles\/\" \/>\n<meta property=\"og:site_name\" content=\"Goldschmiede - Maria Scheschonka\" \/>\n<meta property=\"article:modified_time\" content=\"2025-03-14T15:21:17+00:00\" \/>\n<meta property=\"og:image\" content=\"https:\/\/meschonka.com\/wp-content\/uploads\/2025\/03\/IMG_7495b.jpg\" \/>\n\t<meta property=\"og:image:width\" content=\"1920\" \/>\n\t<meta property=\"og:image:height\" content=\"1920\" \/>\n\t<meta property=\"og:image:type\" content=\"image\/jpeg\" \/>\n<meta name=\"twitter:card\" content=\"summary_large_image\" \/>\n<meta name=\"twitter:label1\" content=\"Est. reading time\" \/>\n\t<meta name=\"twitter:data1\" content=\"1 minute\" \/>\n<script type=\"application\/ld+json\" class=\"yoast-schema-graph\">{\"@context\":\"https:\\\/\\\/schema.org\",\"@graph\":[{\"@type\":\"WebPage\",\"@id\":\"https:\\\/\\\/meschonka.com\\\/shop\\\/ringe\\\/ring-bubbles\\\/\",\"url\":\"https:\\\/\\\/meschonka.com\\\/shop\\\/ringe\\\/ring-bubbles\\\/\",\"name\":\"Ring Bubbles - Goldschmiede - Maria Scheschonka\",\"isPartOf\":{\"@id\":\"https:\\\/\\\/meschonka.com\\\/#website\"},\"primaryImageOfPage\":{\"@id\":\"https:\\\/\\\/meschonka.com\\\/shop\\\/ringe\\\/ring-bubbles\\\/#primaryimage\"},\"image\":{\"@id\":\"https:\\\/\\\/meschonka.com\\\/shop\\\/ringe\\\/ring-bubbles\\\/#primaryimage\"},\"thumbnailUrl\":\"https:\\\/\\\/meschonka.com\\\/wp-content\\\/uploads\\\/2025\\\/03\\\/IMG_7495b.jpg\",\"datePublished\":\"2025-03-13T19:07:31+00:00\",\"dateModified\":\"2025-03-14T15:21:17+00:00\",\"description\":\"Handgemachter Ring aus Silber mit geschw\u00e4rzter Ringschiene und unregelm\u00e4\u00dfigen polierten Silberkugeln. Kann in verschiedenen Gr\u00f6\u00dfen angefertigt werden.\",\"breadcrumb\":{\"@id\":\"https:\\\/\\\/meschonka.com\\\/shop\\\/ringe\\\/ring-bubbles\\\/#breadcrumb\"},\"inLanguage\":\"en-US\",\"potentialAction\":[{\"@type\":\"ReadAction\",\"target\":[\"https:\\\/\\\/meschonka.com\\\/shop\\\/ringe\\\/ring-bubbles\\\/\"]}]},{\"@type\":\"ImageObject\",\"inLanguage\":\"en-US\",\"@id\":\"https:\\\/\\\/meschonka.com\\\/shop\\\/ringe\\\/ring-bubbles\\\/#primaryimage\",\"url\":\"https:\\\/\\\/meschonka.com\\\/wp-content\\\/uploads\\\/2025\\\/03\\\/IMG_7495b.jpg\",\"contentUrl\":\"https:\\\/\\\/meschonka.com\\\/wp-content\\\/uploads\\\/2025\\\/03\\\/IMG_7495b.jpg\",\"width\":1920,\"height\":1920,\"caption\":\"Geschw\u00e4rzter Silberring mit unregelm\u00e4\u00dfigen Kugeln\"},{\"@type\":\"BreadcrumbList\",\"@id\":\"https:\\\/\\\/meschonka.com\\\/shop\\\/ringe\\\/ring-bubbles\\\/#breadcrumb\",\"itemListElement\":[{\"@type\":\"ListItem\",\"position\":1,\"name\":\"Startseite\",\"item\":\"https:\\\/\\\/meschonka.com\\\/\"},{\"@type\":\"ListItem\",\"position\":2,\"name\":\"Shop\",\"item\":\"https:\\\/\\\/meschonka.com\\\/shop\\\/\"},{\"@type\":\"ListItem\",\"position\":3,\"name\":\"Ring Bubbles\"}]},{\"@type\":\"WebSite\",\"@id\":\"https:\\\/\\\/meschonka.com\\\/#website\",\"url\":\"https:\\\/\\\/meschonka.com\\\/\",\"name\":\"Meschonka\",\"description\":\"\",\"publisher\":{\"@id\":\"https:\\\/\\\/meschonka.com\\\/#organization\"},\"potentialAction\":[{\"@type\":\"SearchAction\",\"target\":{\"@type\":\"EntryPoint\",\"urlTemplate\":\"https:\\\/\\\/meschonka.com\\\/?s={search_term_string}\"},\"query-input\":{\"@type\":\"PropertyValueSpecification\",\"valueRequired\":true,\"valueName\":\"search_term_string\"}}],\"inLanguage\":\"en-US\"},{\"@type\":\"Organization\",\"@id\":\"https:\\\/\\\/meschonka.com\\\/#organization\",\"name\":\"Meschonka\",\"url\":\"https:\\\/\\\/meschonka.com\\\/\",\"logo\":{\"@type\":\"ImageObject\",\"inLanguage\":\"en-US\",\"@id\":\"https:\\\/\\\/meschonka.com\\\/#\\\/schema\\\/logo\\\/image\\\/\",\"url\":\"https:\\\/\\\/meschonka.com\\\/wp-content\\\/uploads\\\/2024\\\/10\\\/Mein-Logo-gross-768x768-2.jpg\",\"contentUrl\":\"https:\\\/\\\/meschonka.com\\\/wp-content\\\/uploads\\\/2024\\\/10\\\/Mein-Logo-gross-768x768-2.jpg\",\"width\":768,\"height\":768,\"caption\":\"Meschonka\"},\"image\":{\"@id\":\"https:\\\/\\\/meschonka.com\\\/#\\\/schema\\\/logo\\\/image\\\/\"}}]}<\/script>\n<!-- \/ Yoast SEO plugin. -->","yoast_head_json":{"title":"Ring Bubbles - Goldschmiede - Maria Scheschonka","description":"Handgemachter Ring aus Silber mit geschw\u00e4rzter Ringschiene und unregelm\u00e4\u00dfigen polierten Silberkugeln. Kann in verschiedenen Gr\u00f6\u00dfen angefertigt werden.","robots":{"index":"noindex","follow":"follow","max-snippet":"max-snippet:-1","max-image-preview":"max-image-preview:large","max-video-preview":"max-video-preview:-1"},"og_locale":"en_US","og_type":"article","og_title":"Ring Bubbles - Goldschmiede - Maria Scheschonka","og_description":"Handgemachter Ring aus Silber mit geschw\u00e4rzter Ringschiene und unregelm\u00e4\u00dfigen polierten Silberkugeln. Kann in verschiedenen Gr\u00f6\u00dfen angefertigt werden.","og_url":"https:\/\/meschonka.com\/shop\/ringe\/ring-bubbles\/","og_site_name":"Goldschmiede - Maria Scheschonka","article_modified_time":"2025-03-14T15:21:17+00:00","og_image":[{"width":1920,"height":1920,"url":"https:\/\/meschonka.com\/wp-content\/uploads\/2025\/03\/IMG_7495b.jpg","type":"image\/jpeg"}],"twitter_card":"summary_large_image","twitter_misc":{"Est. reading time":"1 minute"},"schema":{"@context":"https:\/\/schema.org","@graph":[{"@type":"WebPage","@id":"https:\/\/meschonka.com\/shop\/ringe\/ring-bubbles\/","url":"https:\/\/meschonka.com\/shop\/ringe\/ring-bubbles\/","name":"Ring Bubbles - Goldschmiede - Maria Scheschonka","isPartOf":{"@id":"https:\/\/meschonka.com\/#website"},"primaryImageOfPage":{"@id":"https:\/\/meschonka.com\/shop\/ringe\/ring-bubbles\/#primaryimage"},"image":{"@id":"https:\/\/meschonka.com\/shop\/ringe\/ring-bubbles\/#primaryimage"},"thumbnailUrl":"https:\/\/meschonka.com\/wp-content\/uploads\/2025\/03\/IMG_7495b.jpg","datePublished":"2025-03-13T19:07:31+00:00","dateModified":"2025-03-14T15:21:17+00:00","description":"Handgemachter Ring aus Silber mit geschw\u00e4rzter Ringschiene und unregelm\u00e4\u00dfigen polierten Silberkugeln. Kann in verschiedenen Gr\u00f6\u00dfen angefertigt werden.","breadcrumb":{"@id":"https:\/\/meschonka.com\/shop\/ringe\/ring-bubbles\/#breadcrumb"},"inLanguage":"en-US","potentialAction":[{"@type":"ReadAction","target":["https:\/\/meschonka.com\/shop\/ringe\/ring-bubbles\/"]}]},{"@type":"ImageObject","inLanguage":"en-US","@id":"https:\/\/meschonka.com\/shop\/ringe\/ring-bubbles\/#primaryimage","url":"https:\/\/meschonka.com\/wp-content\/uploads\/2025\/03\/IMG_7495b.jpg","contentUrl":"https:\/\/meschonka.com\/wp-content\/uploads\/2025\/03\/IMG_7495b.jpg","width":1920,"height":1920,"caption":"Geschw\u00e4rzter Silberring mit unregelm\u00e4\u00dfigen Kugeln"},{"@type":"BreadcrumbList","@id":"https:\/\/meschonka.com\/shop\/ringe\/ring-bubbles\/#breadcrumb","itemListElement":[{"@type":"ListItem","position":1,"name":"Startseite","item":"https:\/\/meschonka.com\/"},{"@type":"ListItem","position":2,"name":"Shop","item":"https:\/\/meschonka.com\/shop\/"},{"@type":"ListItem","position":3,"name":"Ring Bubbles"}]},{"@type":"WebSite","@id":"https:\/\/meschonka.com\/#website","url":"https:\/\/meschonka.com\/","name":"Meschonka","description":"","publisher":{"@id":"https:\/\/meschonka.com\/#organization"},"potentialAction":[{"@type":"SearchAction","target":{"@type":"EntryPoint","urlTemplate":"https:\/\/meschonka.com\/?s={search_term_string}"},"query-input":{"@type":"PropertyValueSpecification","valueRequired":true,"valueName":"search_term_string"}}],"inLanguage":"en-US"},{"@type":"Organization","@id":"https:\/\/meschonka.com\/#organization","name":"Meschonka","url":"https:\/\/meschonka.com\/","logo":{"@type":"ImageObject","inLanguage":"en-US","@id":"https:\/\/meschonka.com\/#\/schema\/logo\/image\/","url":"https:\/\/meschonka.com\/wp-content\/uploads\/2024\/10\/Mein-Logo-gross-768x768-2.jpg","contentUrl":"https:\/\/meschonka.com\/wp-content\/uploads\/2024\/10\/Mein-Logo-gross-768x768-2.jpg","width":768,"height":768,"caption":"Meschonka"},"image":{"@id":"https:\/\/meschonka.com\/#\/schema\/logo\/image\/"}}]}},"_links":{"self":[{"href":"https:\/\/meschonka.com\/en\/wp-json\/wp\/v2\/product\/16500","targetHints":{"allow":["GET"]}}],"collection":[{"href":"https:\/\/meschonka.com\/en\/wp-json\/wp\/v2\/product"}],"about":[{"href":"https:\/\/meschonka.com\/en\/wp-json\/wp\/v2\/types\/product"}],"version-history":[{"count":3,"href":"https:\/\/meschonka.com\/en\/wp-json\/wp\/v2\/product\/16500\/revisions"}],"predecessor-version":[{"id":16509,"href":"https:\/\/meschonka.com\/en\/wp-json\/wp\/v2\/product\/16500\/revisions\/16509"}],"wp:featuredmedia":[{"embeddable":true,"href":"https:\/\/meschonka.com\/en\/wp-json\/wp\/v2\/media\/16501"}],"wp:attachment":[{"href":"https:\/\/meschonka.com\/en\/wp-json\/wp\/v2\/media?parent=16500"}],"wp:term":[{"taxonomy":"product_brand","embeddable":true,"href":"https:\/\/meschonka.com\/en\/wp-json\/wp\/v2\/product_brand?post=16500"},{"taxonomy":"product_cat","embeddable":true,"href":"https:\/\/meschonka.com\/en\/wp-json\/wp\/v2\/product_cat?post=16500"},{"taxonomy":"product_tag","embeddable":true,"href":"https:\/\/meschonka.com\/en\/wp-json\/wp\/v2\/product_tag?post=16500"}],"curies":[{"name":"wp","href":"https:\/\/api.w.org\/{rel}","templated":true}]}}