{"id":16275,"date":"2025-02-14T20:09:23","date_gmt":"2025-02-14T19:09:23","guid":{"rendered":"https:\/\/meschonka.com\/?post_type=product&#038;p=16275"},"modified":"2025-03-15T16:18:10","modified_gmt":"2025-03-15T15:18:10","slug":"ring-2","status":"publish","type":"product","link":"https:\/\/meschonka.com\/en\/shop\/rings\/ring-2\/","title":{"rendered":"Ring Clematis in Gold"},"content":{"rendered":"<p>Handgearbeiteter Ring aus 18-kar\u00e4tigem Gelbgold. Die Au\u00dfenfl\u00e4che des Ringes ist leicht gew\u00f6lbt und mattiert. Darauf aufgel\u00f6tet ist eine Applikation in Form einer Ranke mit unregelm\u00e4\u00dfig angeordneten kleinen Bl\u00e4ttern und Blattknospen in poliertem Gold. Die Bl\u00e4tterranke schl\u00e4ngelt sich um den ganzen Ring herum, hat also weder Anfang noch Ende.<\/p>\n<p>Der hier gezeigte Ring hat eine Breite von 5 Millimetern und eine Ringgr\u00f6\u00dfe 51. Er kann in jeder beliebigen Gr\u00f6\u00dfe und auf Wunsch auch breiter angefertigt werden. Innen ist er wie au\u00dfen gew\u00f6lbt und alle Kanten sind leicht abgerundet, sodass er sehr angenehm zu tragen ist.<\/p>\n<p>Ein sch\u00f6ner romantischer Ehering, aber auch ein Alltagsring f\u00fcr G\u00e4rtner und Pflanzenliebhaber.<\/p>\n<p>Der Preis variiert je nach Ringgr\u00f6\u00dfe und -breite und dem damit verbundenen Materialverbrauch. In der hier gezeigten Variante liegt er bei 2445\u20ac (Stand Feb 2025).<\/p>\n<p>Dieser Ring ist auch <a href=\"https:\/\/meschonka.com\/shop\/unkategorisiert\/ring-in-silber\/\">in Silber<\/a> zu haben.<\/p>\n","protected":false},"excerpt":{"rendered":"<p>Goldring mit Bl\u00e4tterranke<\/p>\n","protected":false},"featured_media":16290,"template":"","meta":[],"product_brand":[],"product_cat":[98],"product_tag":[122,110],"class_list":{"0":"post-16275","1":"product","2":"type-product","3":"status-publish","4":"has-post-thumbnail","6":"product_cat-ringe","7":"product_tag-draussen","8":"product_tag-gold","9":"product_shipping_class-ueber-500e-warenwert","11":"first","12":"instock","13":"shipping-taxable","14":"product-type-simple"},"yoast_head":"<!-- This site is optimized with the Yoast SEO plugin v27.4 - https:\/\/yoast.com\/product\/yoast-seo-wordpress\/ -->\n<title>Ring Clematis in Gold - Goldschmiede - Maria Scheschonka<\/title>\n<meta name=\"description\" content=\"Handgearbeiteter Ring aus 18-kar\u00e4tigem Gelbgold mit Applikation in Form einer Bl\u00e4tterranke. Anfertigung in verschiedenen Gr\u00f6\u00dfen m\u00f6glich.\" \/>\n<meta name=\"robots\" content=\"noindex, follow, max-snippet:-1, max-image-preview:large, max-video-preview:-1\" \/>\n<meta property=\"og:locale\" content=\"en_US\" \/>\n<meta property=\"og:type\" content=\"article\" \/>\n<meta property=\"og:title\" content=\"Ring Clematis in Gold - Goldschmiede - Maria Scheschonka\" \/>\n<meta property=\"og:description\" content=\"Handgearbeiteter Ring aus 18-kar\u00e4tigem Gelbgold mit Applikation in Form einer Bl\u00e4tterranke. Anfertigung in verschiedenen Gr\u00f6\u00dfen m\u00f6glich.\" \/>\n<meta property=\"og:url\" content=\"https:\/\/meschonka.com\/shop\/ringe\/ring-2\/\" \/>\n<meta property=\"og:site_name\" content=\"Goldschmiede - Maria Scheschonka\" \/>\n<meta property=\"article:modified_time\" content=\"2025-03-15T15:18:10+00:00\" \/>\n<meta property=\"og:image\" content=\"https:\/\/meschonka.com\/wp-content\/uploads\/2025\/02\/WhatsApp-Image-2024-10-27-at-18.26.17.jpeg\" \/>\n\t<meta property=\"og:image:width\" content=\"630\" \/>\n\t<meta property=\"og:image:height\" content=\"630\" \/>\n\t<meta property=\"og:image:type\" content=\"image\/jpeg\" \/>\n<meta name=\"twitter:card\" content=\"summary_large_image\" \/>\n<meta name=\"twitter:label1\" content=\"Est. reading time\" \/>\n\t<meta name=\"twitter:data1\" content=\"1 minute\" \/>\n<script type=\"application\/ld+json\" class=\"yoast-schema-graph\">{\"@context\":\"https:\\\/\\\/schema.org\",\"@graph\":[{\"@type\":\"WebPage\",\"@id\":\"https:\\\/\\\/meschonka.com\\\/shop\\\/ringe\\\/ring-2\\\/\",\"url\":\"https:\\\/\\\/meschonka.com\\\/shop\\\/ringe\\\/ring-2\\\/\",\"name\":\"Ring Clematis in Gold - Goldschmiede - Maria Scheschonka\",\"isPartOf\":{\"@id\":\"https:\\\/\\\/meschonka.com\\\/#website\"},\"primaryImageOfPage\":{\"@id\":\"https:\\\/\\\/meschonka.com\\\/shop\\\/ringe\\\/ring-2\\\/#primaryimage\"},\"image\":{\"@id\":\"https:\\\/\\\/meschonka.com\\\/shop\\\/ringe\\\/ring-2\\\/#primaryimage\"},\"thumbnailUrl\":\"https:\\\/\\\/meschonka.com\\\/wp-content\\\/uploads\\\/2025\\\/02\\\/WhatsApp-Image-2024-10-27-at-18.26.17.jpeg\",\"datePublished\":\"2025-02-14T19:09:23+00:00\",\"dateModified\":\"2025-03-15T15:18:10+00:00\",\"description\":\"Handgearbeiteter Ring aus 18-kar\u00e4tigem Gelbgold mit Applikation in Form einer Bl\u00e4tterranke. Anfertigung in verschiedenen Gr\u00f6\u00dfen m\u00f6glich.\",\"breadcrumb\":{\"@id\":\"https:\\\/\\\/meschonka.com\\\/shop\\\/ringe\\\/ring-2\\\/#breadcrumb\"},\"inLanguage\":\"en-US\",\"potentialAction\":[{\"@type\":\"ReadAction\",\"target\":[\"https:\\\/\\\/meschonka.com\\\/shop\\\/ringe\\\/ring-2\\\/\"]}]},{\"@type\":\"ImageObject\",\"inLanguage\":\"en-US\",\"@id\":\"https:\\\/\\\/meschonka.com\\\/shop\\\/ringe\\\/ring-2\\\/#primaryimage\",\"url\":\"https:\\\/\\\/meschonka.com\\\/wp-content\\\/uploads\\\/2025\\\/02\\\/WhatsApp-Image-2024-10-27-at-18.26.17.jpeg\",\"contentUrl\":\"https:\\\/\\\/meschonka.com\\\/wp-content\\\/uploads\\\/2025\\\/02\\\/WhatsApp-Image-2024-10-27-at-18.26.17.jpeg\",\"width\":630,\"height\":630,\"caption\":\"Paar goldener Ringe; einer glatt und poliert, einer mit aufgel\u00f6teter Bl\u00e4tterranke\"},{\"@type\":\"BreadcrumbList\",\"@id\":\"https:\\\/\\\/meschonka.com\\\/shop\\\/ringe\\\/ring-2\\\/#breadcrumb\",\"itemListElement\":[{\"@type\":\"ListItem\",\"position\":1,\"name\":\"Startseite\",\"item\":\"https:\\\/\\\/meschonka.com\\\/\"},{\"@type\":\"ListItem\",\"position\":2,\"name\":\"Shop\",\"item\":\"https:\\\/\\\/meschonka.com\\\/shop\\\/\"},{\"@type\":\"ListItem\",\"position\":3,\"name\":\"Ring Clematis in Gold\"}]},{\"@type\":\"WebSite\",\"@id\":\"https:\\\/\\\/meschonka.com\\\/#website\",\"url\":\"https:\\\/\\\/meschonka.com\\\/\",\"name\":\"Meschonka\",\"description\":\"\",\"publisher\":{\"@id\":\"https:\\\/\\\/meschonka.com\\\/#organization\"},\"potentialAction\":[{\"@type\":\"SearchAction\",\"target\":{\"@type\":\"EntryPoint\",\"urlTemplate\":\"https:\\\/\\\/meschonka.com\\\/?s={search_term_string}\"},\"query-input\":{\"@type\":\"PropertyValueSpecification\",\"valueRequired\":true,\"valueName\":\"search_term_string\"}}],\"inLanguage\":\"en-US\"},{\"@type\":\"Organization\",\"@id\":\"https:\\\/\\\/meschonka.com\\\/#organization\",\"name\":\"Meschonka\",\"url\":\"https:\\\/\\\/meschonka.com\\\/\",\"logo\":{\"@type\":\"ImageObject\",\"inLanguage\":\"en-US\",\"@id\":\"https:\\\/\\\/meschonka.com\\\/#\\\/schema\\\/logo\\\/image\\\/\",\"url\":\"https:\\\/\\\/meschonka.com\\\/wp-content\\\/uploads\\\/2024\\\/10\\\/Mein-Logo-gross-768x768-2.jpg\",\"contentUrl\":\"https:\\\/\\\/meschonka.com\\\/wp-content\\\/uploads\\\/2024\\\/10\\\/Mein-Logo-gross-768x768-2.jpg\",\"width\":768,\"height\":768,\"caption\":\"Meschonka\"},\"image\":{\"@id\":\"https:\\\/\\\/meschonka.com\\\/#\\\/schema\\\/logo\\\/image\\\/\"}}]}<\/script>\n<!-- \/ Yoast SEO plugin. -->","yoast_head_json":{"title":"Ring Clematis in Gold - Goldschmiede - Maria Scheschonka","description":"Handgearbeiteter Ring aus 18-kar\u00e4tigem Gelbgold mit Applikation in Form einer Bl\u00e4tterranke. Anfertigung in verschiedenen Gr\u00f6\u00dfen m\u00f6glich.","robots":{"index":"noindex","follow":"follow","max-snippet":"max-snippet:-1","max-image-preview":"max-image-preview:large","max-video-preview":"max-video-preview:-1"},"og_locale":"en_US","og_type":"article","og_title":"Ring Clematis in Gold - Goldschmiede - Maria Scheschonka","og_description":"Handgearbeiteter Ring aus 18-kar\u00e4tigem Gelbgold mit Applikation in Form einer Bl\u00e4tterranke. Anfertigung in verschiedenen Gr\u00f6\u00dfen m\u00f6glich.","og_url":"https:\/\/meschonka.com\/shop\/ringe\/ring-2\/","og_site_name":"Goldschmiede - Maria Scheschonka","article_modified_time":"2025-03-15T15:18:10+00:00","og_image":[{"width":630,"height":630,"url":"https:\/\/meschonka.com\/wp-content\/uploads\/2025\/02\/WhatsApp-Image-2024-10-27-at-18.26.17.jpeg","type":"image\/jpeg"}],"twitter_card":"summary_large_image","twitter_misc":{"Est. reading time":"1 minute"},"schema":{"@context":"https:\/\/schema.org","@graph":[{"@type":"WebPage","@id":"https:\/\/meschonka.com\/shop\/ringe\/ring-2\/","url":"https:\/\/meschonka.com\/shop\/ringe\/ring-2\/","name":"Ring Clematis in Gold - Goldschmiede - Maria Scheschonka","isPartOf":{"@id":"https:\/\/meschonka.com\/#website"},"primaryImageOfPage":{"@id":"https:\/\/meschonka.com\/shop\/ringe\/ring-2\/#primaryimage"},"image":{"@id":"https:\/\/meschonka.com\/shop\/ringe\/ring-2\/#primaryimage"},"thumbnailUrl":"https:\/\/meschonka.com\/wp-content\/uploads\/2025\/02\/WhatsApp-Image-2024-10-27-at-18.26.17.jpeg","datePublished":"2025-02-14T19:09:23+00:00","dateModified":"2025-03-15T15:18:10+00:00","description":"Handgearbeiteter Ring aus 18-kar\u00e4tigem Gelbgold mit Applikation in Form einer Bl\u00e4tterranke. Anfertigung in verschiedenen Gr\u00f6\u00dfen m\u00f6glich.","breadcrumb":{"@id":"https:\/\/meschonka.com\/shop\/ringe\/ring-2\/#breadcrumb"},"inLanguage":"en-US","potentialAction":[{"@type":"ReadAction","target":["https:\/\/meschonka.com\/shop\/ringe\/ring-2\/"]}]},{"@type":"ImageObject","inLanguage":"en-US","@id":"https:\/\/meschonka.com\/shop\/ringe\/ring-2\/#primaryimage","url":"https:\/\/meschonka.com\/wp-content\/uploads\/2025\/02\/WhatsApp-Image-2024-10-27-at-18.26.17.jpeg","contentUrl":"https:\/\/meschonka.com\/wp-content\/uploads\/2025\/02\/WhatsApp-Image-2024-10-27-at-18.26.17.jpeg","width":630,"height":630,"caption":"Paar goldener Ringe; einer glatt und poliert, einer mit aufgel\u00f6teter Bl\u00e4tterranke"},{"@type":"BreadcrumbList","@id":"https:\/\/meschonka.com\/shop\/ringe\/ring-2\/#breadcrumb","itemListElement":[{"@type":"ListItem","position":1,"name":"Startseite","item":"https:\/\/meschonka.com\/"},{"@type":"ListItem","position":2,"name":"Shop","item":"https:\/\/meschonka.com\/shop\/"},{"@type":"ListItem","position":3,"name":"Ring Clematis in Gold"}]},{"@type":"WebSite","@id":"https:\/\/meschonka.com\/#website","url":"https:\/\/meschonka.com\/","name":"Meschonka","description":"","publisher":{"@id":"https:\/\/meschonka.com\/#organization"},"potentialAction":[{"@type":"SearchAction","target":{"@type":"EntryPoint","urlTemplate":"https:\/\/meschonka.com\/?s={search_term_string}"},"query-input":{"@type":"PropertyValueSpecification","valueRequired":true,"valueName":"search_term_string"}}],"inLanguage":"en-US"},{"@type":"Organization","@id":"https:\/\/meschonka.com\/#organization","name":"Meschonka","url":"https:\/\/meschonka.com\/","logo":{"@type":"ImageObject","inLanguage":"en-US","@id":"https:\/\/meschonka.com\/#\/schema\/logo\/image\/","url":"https:\/\/meschonka.com\/wp-content\/uploads\/2024\/10\/Mein-Logo-gross-768x768-2.jpg","contentUrl":"https:\/\/meschonka.com\/wp-content\/uploads\/2024\/10\/Mein-Logo-gross-768x768-2.jpg","width":768,"height":768,"caption":"Meschonka"},"image":{"@id":"https:\/\/meschonka.com\/#\/schema\/logo\/image\/"}}]}},"_links":{"self":[{"href":"https:\/\/meschonka.com\/en\/wp-json\/wp\/v2\/product\/16275","targetHints":{"allow":["GET"]}}],"collection":[{"href":"https:\/\/meschonka.com\/en\/wp-json\/wp\/v2\/product"}],"about":[{"href":"https:\/\/meschonka.com\/en\/wp-json\/wp\/v2\/types\/product"}],"version-history":[{"count":11,"href":"https:\/\/meschonka.com\/en\/wp-json\/wp\/v2\/product\/16275\/revisions"}],"predecessor-version":[{"id":16541,"href":"https:\/\/meschonka.com\/en\/wp-json\/wp\/v2\/product\/16275\/revisions\/16541"}],"wp:featuredmedia":[{"embeddable":true,"href":"https:\/\/meschonka.com\/en\/wp-json\/wp\/v2\/media\/16290"}],"wp:attachment":[{"href":"https:\/\/meschonka.com\/en\/wp-json\/wp\/v2\/media?parent=16275"}],"wp:term":[{"taxonomy":"product_brand","embeddable":true,"href":"https:\/\/meschonka.com\/en\/wp-json\/wp\/v2\/product_brand?post=16275"},{"taxonomy":"product_cat","embeddable":true,"href":"https:\/\/meschonka.com\/en\/wp-json\/wp\/v2\/product_cat?post=16275"},{"taxonomy":"product_tag","embeddable":true,"href":"https:\/\/meschonka.com\/en\/wp-json\/wp\/v2\/product_tag?post=16275"}],"curies":[{"name":"wp","href":"https:\/\/api.w.org\/{rel}","templated":true}]}}