{"id":16260,"date":"2025-01-20T22:36:05","date_gmt":"2025-01-20T21:36:05","guid":{"rendered":"https:\/\/meschonka.com\/?post_type=product&#038;p=16260"},"modified":"2025-05-06T21:06:06","modified_gmt":"2025-05-06T19:06:06","slug":"ring","status":"publish","type":"product","link":"https:\/\/meschonka.com\/en\/shop\/rings\/ring\/","title":{"rendered":"Ring Abges\u00e4gt 1"},"content":{"rendered":"<p>Dieser schlichte Silberring wird durch seine verschiedenen Oberfl\u00e4chen interessant. Der \u00e4u\u00dfere Teil der Ringschiene sowie die Seitenfl\u00e4chen sind fein mattiert, die Innenseite hochglanzpoliert &#8211; spannend wird es am Ringkopf, also dem Teil des Ringes, der oben auf dem Finger zu sehen ist. Dieser Teil ist grob strukturiert und ebenfalls fein mattiert. Der Ring wurde komplett von Hand in Wachs modelliert, abgeformt und in Sterlingsilber gegossen.<\/p>\n<p>Das Ergebnis ist ein Ring, der zwar alltagstauglich, aber nicht allt\u00e4glich ist.<\/p>\n<p>Die Ringschiene verj\u00fcngt sich nach hinten auf 3,2mm und die Innenkanten sind leicht abgerundet f\u00fcr optimalen Tragekomfort.<\/p>\n<p>Dieser Ring hat die Gr\u00f6\u00dfe 56 und ist am Kopf 6,3mm breit. Er kann aber in jeder anderen Gr\u00f6\u00dfe und Breite angefertigt werden und sah bisher an jeder Hand, die ihm begegnet ist, gut aus.<\/p>\n","protected":false},"excerpt":{"rendered":"<p>Schlichter, cooler Silberring mit spannender Struktur<\/p>\n","protected":false},"featured_media":16457,"template":"","meta":[],"product_brand":[],"product_cat":[98],"product_tag":[],"class_list":{"0":"post-16260","1":"product","2":"type-product","3":"status-publish","4":"has-post-thumbnail","6":"product_cat-ringe","7":"product_shipping_class-bis-500e-warenwert","9":"first","10":"instock","11":"shipping-taxable","12":"purchasable","13":"product-type-simple"},"yoast_head":"<!-- This site is optimized with the Yoast SEO plugin v27.4 - https:\/\/yoast.com\/product\/yoast-seo-wordpress\/ -->\n<title>Ring Abges\u00e4gt 1 - Goldschmiede - Maria Scheschonka<\/title>\n<meta name=\"description\" content=\"Schlichter, cooler Ring aus Sterlingsilber mit spannender strukturierter Oberfl\u00e4che. Er kann in jeder anderen Gr\u00f6\u00dfe und Breite angefertigt werden.\" \/>\n<meta name=\"robots\" content=\"noindex, follow, max-snippet:-1, max-image-preview:large, max-video-preview:-1\" \/>\n<meta property=\"og:locale\" content=\"en_US\" \/>\n<meta property=\"og:type\" content=\"article\" \/>\n<meta property=\"og:title\" content=\"Ring Abges\u00e4gt 1 - Goldschmiede - Maria Scheschonka\" \/>\n<meta property=\"og:description\" content=\"Schlichter, cooler Ring aus Sterlingsilber mit spannender strukturierter Oberfl\u00e4che. Er kann in jeder anderen Gr\u00f6\u00dfe und Breite angefertigt werden.\" \/>\n<meta property=\"og:url\" content=\"https:\/\/meschonka.com\/shop\/ringe\/ring\/\" \/>\n<meta property=\"og:site_name\" content=\"Goldschmiede - Maria Scheschonka\" \/>\n<meta property=\"article:modified_time\" content=\"2025-05-06T19:06:06+00:00\" \/>\n<meta property=\"og:image\" content=\"https:\/\/meschonka.com\/wp-content\/uploads\/2025\/01\/IMG_7506b.jpg\" \/>\n\t<meta property=\"og:image:width\" content=\"1920\" \/>\n\t<meta property=\"og:image:height\" content=\"1920\" \/>\n\t<meta property=\"og:image:type\" content=\"image\/jpeg\" \/>\n<meta name=\"twitter:card\" content=\"summary_large_image\" \/>\n<meta name=\"twitter:label1\" content=\"Est. reading time\" \/>\n\t<meta name=\"twitter:data1\" content=\"1 minute\" \/>\n<script type=\"application\/ld+json\" class=\"yoast-schema-graph\">{\"@context\":\"https:\\\/\\\/schema.org\",\"@graph\":[{\"@type\":\"WebPage\",\"@id\":\"https:\\\/\\\/meschonka.com\\\/shop\\\/ringe\\\/ring\\\/\",\"url\":\"https:\\\/\\\/meschonka.com\\\/shop\\\/ringe\\\/ring\\\/\",\"name\":\"Ring Abges\u00e4gt 1 - Goldschmiede - Maria Scheschonka\",\"isPartOf\":{\"@id\":\"https:\\\/\\\/meschonka.com\\\/#website\"},\"primaryImageOfPage\":{\"@id\":\"https:\\\/\\\/meschonka.com\\\/shop\\\/ringe\\\/ring\\\/#primaryimage\"},\"image\":{\"@id\":\"https:\\\/\\\/meschonka.com\\\/shop\\\/ringe\\\/ring\\\/#primaryimage\"},\"thumbnailUrl\":\"https:\\\/\\\/meschonka.com\\\/wp-content\\\/uploads\\\/2025\\\/01\\\/IMG_7506b.jpg\",\"datePublished\":\"2025-01-20T21:36:05+00:00\",\"dateModified\":\"2025-05-06T19:06:06+00:00\",\"description\":\"Schlichter, cooler Ring aus Sterlingsilber mit spannender strukturierter Oberfl\u00e4che. Er kann in jeder anderen Gr\u00f6\u00dfe und Breite angefertigt werden.\",\"breadcrumb\":{\"@id\":\"https:\\\/\\\/meschonka.com\\\/shop\\\/ringe\\\/ring\\\/#breadcrumb\"},\"inLanguage\":\"en-US\",\"potentialAction\":[{\"@type\":\"ReadAction\",\"target\":[\"https:\\\/\\\/meschonka.com\\\/shop\\\/ringe\\\/ring\\\/\"]}]},{\"@type\":\"ImageObject\",\"inLanguage\":\"en-US\",\"@id\":\"https:\\\/\\\/meschonka.com\\\/shop\\\/ringe\\\/ring\\\/#primaryimage\",\"url\":\"https:\\\/\\\/meschonka.com\\\/wp-content\\\/uploads\\\/2025\\\/01\\\/IMG_7506b.jpg\",\"contentUrl\":\"https:\\\/\\\/meschonka.com\\\/wp-content\\\/uploads\\\/2025\\\/01\\\/IMG_7506b.jpg\",\"width\":1920,\"height\":1920,\"caption\":\"schlichter massiver Silberring mit S\u00e4gestruktur\"},{\"@type\":\"BreadcrumbList\",\"@id\":\"https:\\\/\\\/meschonka.com\\\/shop\\\/ringe\\\/ring\\\/#breadcrumb\",\"itemListElement\":[{\"@type\":\"ListItem\",\"position\":1,\"name\":\"Startseite\",\"item\":\"https:\\\/\\\/meschonka.com\\\/\"},{\"@type\":\"ListItem\",\"position\":2,\"name\":\"Shop\",\"item\":\"https:\\\/\\\/meschonka.com\\\/shop\\\/\"},{\"@type\":\"ListItem\",\"position\":3,\"name\":\"Ring Abges\u00e4gt 1\"}]},{\"@type\":\"WebSite\",\"@id\":\"https:\\\/\\\/meschonka.com\\\/#website\",\"url\":\"https:\\\/\\\/meschonka.com\\\/\",\"name\":\"Meschonka\",\"description\":\"\",\"publisher\":{\"@id\":\"https:\\\/\\\/meschonka.com\\\/#organization\"},\"potentialAction\":[{\"@type\":\"SearchAction\",\"target\":{\"@type\":\"EntryPoint\",\"urlTemplate\":\"https:\\\/\\\/meschonka.com\\\/?s={search_term_string}\"},\"query-input\":{\"@type\":\"PropertyValueSpecification\",\"valueRequired\":true,\"valueName\":\"search_term_string\"}}],\"inLanguage\":\"en-US\"},{\"@type\":\"Organization\",\"@id\":\"https:\\\/\\\/meschonka.com\\\/#organization\",\"name\":\"Meschonka\",\"url\":\"https:\\\/\\\/meschonka.com\\\/\",\"logo\":{\"@type\":\"ImageObject\",\"inLanguage\":\"en-US\",\"@id\":\"https:\\\/\\\/meschonka.com\\\/#\\\/schema\\\/logo\\\/image\\\/\",\"url\":\"https:\\\/\\\/meschonka.com\\\/wp-content\\\/uploads\\\/2024\\\/10\\\/Mein-Logo-gross-768x768-2.jpg\",\"contentUrl\":\"https:\\\/\\\/meschonka.com\\\/wp-content\\\/uploads\\\/2024\\\/10\\\/Mein-Logo-gross-768x768-2.jpg\",\"width\":768,\"height\":768,\"caption\":\"Meschonka\"},\"image\":{\"@id\":\"https:\\\/\\\/meschonka.com\\\/#\\\/schema\\\/logo\\\/image\\\/\"}}]}<\/script>\n<!-- \/ Yoast SEO plugin. -->","yoast_head_json":{"title":"Ring Abges\u00e4gt 1 - Goldschmiede - Maria Scheschonka","description":"Schlichter, cooler Ring aus Sterlingsilber mit spannender strukturierter Oberfl\u00e4che. Er kann in jeder anderen Gr\u00f6\u00dfe und Breite angefertigt werden.","robots":{"index":"noindex","follow":"follow","max-snippet":"max-snippet:-1","max-image-preview":"max-image-preview:large","max-video-preview":"max-video-preview:-1"},"og_locale":"en_US","og_type":"article","og_title":"Ring Abges\u00e4gt 1 - Goldschmiede - Maria Scheschonka","og_description":"Schlichter, cooler Ring aus Sterlingsilber mit spannender strukturierter Oberfl\u00e4che. Er kann in jeder anderen Gr\u00f6\u00dfe und Breite angefertigt werden.","og_url":"https:\/\/meschonka.com\/shop\/ringe\/ring\/","og_site_name":"Goldschmiede - Maria Scheschonka","article_modified_time":"2025-05-06T19:06:06+00:00","og_image":[{"width":1920,"height":1920,"url":"https:\/\/meschonka.com\/wp-content\/uploads\/2025\/01\/IMG_7506b.jpg","type":"image\/jpeg"}],"twitter_card":"summary_large_image","twitter_misc":{"Est. reading time":"1 minute"},"schema":{"@context":"https:\/\/schema.org","@graph":[{"@type":"WebPage","@id":"https:\/\/meschonka.com\/shop\/ringe\/ring\/","url":"https:\/\/meschonka.com\/shop\/ringe\/ring\/","name":"Ring Abges\u00e4gt 1 - Goldschmiede - Maria Scheschonka","isPartOf":{"@id":"https:\/\/meschonka.com\/#website"},"primaryImageOfPage":{"@id":"https:\/\/meschonka.com\/shop\/ringe\/ring\/#primaryimage"},"image":{"@id":"https:\/\/meschonka.com\/shop\/ringe\/ring\/#primaryimage"},"thumbnailUrl":"https:\/\/meschonka.com\/wp-content\/uploads\/2025\/01\/IMG_7506b.jpg","datePublished":"2025-01-20T21:36:05+00:00","dateModified":"2025-05-06T19:06:06+00:00","description":"Schlichter, cooler Ring aus Sterlingsilber mit spannender strukturierter Oberfl\u00e4che. Er kann in jeder anderen Gr\u00f6\u00dfe und Breite angefertigt werden.","breadcrumb":{"@id":"https:\/\/meschonka.com\/shop\/ringe\/ring\/#breadcrumb"},"inLanguage":"en-US","potentialAction":[{"@type":"ReadAction","target":["https:\/\/meschonka.com\/shop\/ringe\/ring\/"]}]},{"@type":"ImageObject","inLanguage":"en-US","@id":"https:\/\/meschonka.com\/shop\/ringe\/ring\/#primaryimage","url":"https:\/\/meschonka.com\/wp-content\/uploads\/2025\/01\/IMG_7506b.jpg","contentUrl":"https:\/\/meschonka.com\/wp-content\/uploads\/2025\/01\/IMG_7506b.jpg","width":1920,"height":1920,"caption":"schlichter massiver Silberring mit S\u00e4gestruktur"},{"@type":"BreadcrumbList","@id":"https:\/\/meschonka.com\/shop\/ringe\/ring\/#breadcrumb","itemListElement":[{"@type":"ListItem","position":1,"name":"Startseite","item":"https:\/\/meschonka.com\/"},{"@type":"ListItem","position":2,"name":"Shop","item":"https:\/\/meschonka.com\/shop\/"},{"@type":"ListItem","position":3,"name":"Ring Abges\u00e4gt 1"}]},{"@type":"WebSite","@id":"https:\/\/meschonka.com\/#website","url":"https:\/\/meschonka.com\/","name":"Meschonka","description":"","publisher":{"@id":"https:\/\/meschonka.com\/#organization"},"potentialAction":[{"@type":"SearchAction","target":{"@type":"EntryPoint","urlTemplate":"https:\/\/meschonka.com\/?s={search_term_string}"},"query-input":{"@type":"PropertyValueSpecification","valueRequired":true,"valueName":"search_term_string"}}],"inLanguage":"en-US"},{"@type":"Organization","@id":"https:\/\/meschonka.com\/#organization","name":"Meschonka","url":"https:\/\/meschonka.com\/","logo":{"@type":"ImageObject","inLanguage":"en-US","@id":"https:\/\/meschonka.com\/#\/schema\/logo\/image\/","url":"https:\/\/meschonka.com\/wp-content\/uploads\/2024\/10\/Mein-Logo-gross-768x768-2.jpg","contentUrl":"https:\/\/meschonka.com\/wp-content\/uploads\/2024\/10\/Mein-Logo-gross-768x768-2.jpg","width":768,"height":768,"caption":"Meschonka"},"image":{"@id":"https:\/\/meschonka.com\/#\/schema\/logo\/image\/"}}]}},"_links":{"self":[{"href":"https:\/\/meschonka.com\/en\/wp-json\/wp\/v2\/product\/16260","targetHints":{"allow":["GET"]}}],"collection":[{"href":"https:\/\/meschonka.com\/en\/wp-json\/wp\/v2\/product"}],"about":[{"href":"https:\/\/meschonka.com\/en\/wp-json\/wp\/v2\/types\/product"}],"version-history":[{"count":7,"href":"https:\/\/meschonka.com\/en\/wp-json\/wp\/v2\/product\/16260\/revisions"}],"predecessor-version":[{"id":16474,"href":"https:\/\/meschonka.com\/en\/wp-json\/wp\/v2\/product\/16260\/revisions\/16474"}],"wp:featuredmedia":[{"embeddable":true,"href":"https:\/\/meschonka.com\/en\/wp-json\/wp\/v2\/media\/16457"}],"wp:attachment":[{"href":"https:\/\/meschonka.com\/en\/wp-json\/wp\/v2\/media?parent=16260"}],"wp:term":[{"taxonomy":"product_brand","embeddable":true,"href":"https:\/\/meschonka.com\/en\/wp-json\/wp\/v2\/product_brand?post=16260"},{"taxonomy":"product_cat","embeddable":true,"href":"https:\/\/meschonka.com\/en\/wp-json\/wp\/v2\/product_cat?post=16260"},{"taxonomy":"product_tag","embeddable":true,"href":"https:\/\/meschonka.com\/en\/wp-json\/wp\/v2\/product_tag?post=16260"}],"curies":[{"name":"wp","href":"https:\/\/api.w.org\/{rel}","templated":true}]}}