{"id":16198,"date":"2025-01-20T17:02:55","date_gmt":"2025-01-20T16:02:55","guid":{"rendered":"https:\/\/meschonka.com\/?post_type=product&#038;p=16198"},"modified":"2025-03-14T12:47:19","modified_gmt":"2025-03-14T11:47:19","slug":"16198","status":"publish","type":"product","link":"https:\/\/meschonka.com\/en\/shop\/necklaces\/16198\/","title":{"rendered":"Anh\u00e4nger Fundst\u00fcck 1"},"content":{"rendered":"<p>Einfach ein St\u00fcckchen Glas, vom Meer in eine sch\u00f6ne weiche Form geschliffen und von Hand in Silber eingefasst. Das Glas hat ein ganz zartes Hellblau mit einer seidig matten Oberfl\u00e4che, die Zargenfassung ist schmal, schlicht und poliert. Die Silber\u00f6se ist gro\u00df genug f\u00fcr die meisten d\u00fcnneren Ketten oder auch ein schlichtes Seidenband.<\/p>\n<p>Gesamtl\u00e4nge 18,3mm<\/p>\n<p>\u00d6sendurchmesser innen 3mm<\/p>\n","protected":false},"excerpt":{"rendered":"<p>Handgearbeiteter Silberanh\u00e4nger mit Seeglas in hellem Blau<\/p>\n","protected":false},"featured_media":16460,"template":"","meta":[],"product_brand":[],"product_cat":[99],"product_tag":[92,123,121,89],"class_list":{"0":"post-16198","1":"product","2":"type-product","3":"status-publish","4":"has-post-thumbnail","6":"product_cat-halsschmuck","7":"product_tag-einzelstueck","8":"product_tag-meer-see","9":"product_tag-seeglas","10":"product_tag-silber","11":"product_shipping_class-bis-500e-warenwert","13":"first","14":"instock","15":"shipping-taxable","16":"purchasable","17":"product-type-simple"},"yoast_head":"<!-- This site is optimized with the Yoast SEO plugin v27.4 - https:\/\/yoast.com\/product\/yoast-seo-wordpress\/ -->\n<title>Anh\u00e4nger Fundst\u00fcck 1 - Goldschmiede - Maria Scheschonka<\/title>\n<meta name=\"description\" content=\"Handgearbeiteter Anh\u00e4nger aus Sterlingsilber mit Seeglas in zartem Hellblau. Mit \u00d6se f\u00fcr verschiedene Ketten oder Seidenband.\" \/>\n<meta name=\"robots\" content=\"noindex, follow, max-snippet:-1, max-image-preview:large, max-video-preview:-1\" \/>\n<meta property=\"og:locale\" content=\"en_US\" \/>\n<meta property=\"og:type\" content=\"article\" \/>\n<meta property=\"og:title\" content=\"Anh\u00e4nger Fundst\u00fcck 1 - Goldschmiede - Maria Scheschonka\" \/>\n<meta property=\"og:description\" content=\"Handgearbeiteter Anh\u00e4nger aus Sterlingsilber mit Seeglas in zartem Hellblau. Mit \u00d6se f\u00fcr verschiedene Ketten oder Seidenband.\" \/>\n<meta property=\"og:url\" content=\"https:\/\/meschonka.com\/shop\/halsschmuck\/16198\/\" \/>\n<meta property=\"og:site_name\" content=\"Goldschmiede - Maria Scheschonka\" \/>\n<meta property=\"article:modified_time\" content=\"2025-03-14T11:47:19+00:00\" \/>\n<meta property=\"og:image\" content=\"https:\/\/meschonka.com\/wp-content\/uploads\/2025\/01\/IMG_7423b.jpg\" \/>\n\t<meta property=\"og:image:width\" content=\"1920\" \/>\n\t<meta property=\"og:image:height\" content=\"1920\" \/>\n\t<meta property=\"og:image:type\" content=\"image\/jpeg\" \/>\n<meta name=\"twitter:card\" content=\"summary_large_image\" \/>\n<meta name=\"twitter:label1\" content=\"Est. reading time\" \/>\n\t<meta name=\"twitter:data1\" content=\"1 minute\" \/>\n<script type=\"application\/ld+json\" class=\"yoast-schema-graph\">{\"@context\":\"https:\\\/\\\/schema.org\",\"@graph\":[{\"@type\":\"WebPage\",\"@id\":\"https:\\\/\\\/meschonka.com\\\/shop\\\/halsschmuck\\\/16198\\\/\",\"url\":\"https:\\\/\\\/meschonka.com\\\/shop\\\/halsschmuck\\\/16198\\\/\",\"name\":\"Anh\u00e4nger Fundst\u00fcck 1 - Goldschmiede - Maria Scheschonka\",\"isPartOf\":{\"@id\":\"https:\\\/\\\/meschonka.com\\\/#website\"},\"primaryImageOfPage\":{\"@id\":\"https:\\\/\\\/meschonka.com\\\/shop\\\/halsschmuck\\\/16198\\\/#primaryimage\"},\"image\":{\"@id\":\"https:\\\/\\\/meschonka.com\\\/shop\\\/halsschmuck\\\/16198\\\/#primaryimage\"},\"thumbnailUrl\":\"https:\\\/\\\/meschonka.com\\\/wp-content\\\/uploads\\\/2025\\\/01\\\/IMG_7423b.jpg\",\"datePublished\":\"2025-01-20T16:02:55+00:00\",\"dateModified\":\"2025-03-14T11:47:19+00:00\",\"description\":\"Handgearbeiteter Anh\u00e4nger aus Sterlingsilber mit Seeglas in zartem Hellblau. Mit \u00d6se f\u00fcr verschiedene Ketten oder Seidenband.\",\"breadcrumb\":{\"@id\":\"https:\\\/\\\/meschonka.com\\\/shop\\\/halsschmuck\\\/16198\\\/#breadcrumb\"},\"inLanguage\":\"en-US\",\"potentialAction\":[{\"@type\":\"ReadAction\",\"target\":[\"https:\\\/\\\/meschonka.com\\\/shop\\\/halsschmuck\\\/16198\\\/\"]}]},{\"@type\":\"ImageObject\",\"inLanguage\":\"en-US\",\"@id\":\"https:\\\/\\\/meschonka.com\\\/shop\\\/halsschmuck\\\/16198\\\/#primaryimage\",\"url\":\"https:\\\/\\\/meschonka.com\\\/wp-content\\\/uploads\\\/2025\\\/01\\\/IMG_7423b.jpg\",\"contentUrl\":\"https:\\\/\\\/meschonka.com\\\/wp-content\\\/uploads\\\/2025\\\/01\\\/IMG_7423b.jpg\",\"width\":1920,\"height\":1920,\"caption\":\"Anh\u00e4nger aus Seeglas in silberner Zargenfassung\"},{\"@type\":\"BreadcrumbList\",\"@id\":\"https:\\\/\\\/meschonka.com\\\/shop\\\/halsschmuck\\\/16198\\\/#breadcrumb\",\"itemListElement\":[{\"@type\":\"ListItem\",\"position\":1,\"name\":\"Startseite\",\"item\":\"https:\\\/\\\/meschonka.com\\\/\"},{\"@type\":\"ListItem\",\"position\":2,\"name\":\"Shop\",\"item\":\"https:\\\/\\\/meschonka.com\\\/shop\\\/\"},{\"@type\":\"ListItem\",\"position\":3,\"name\":\"Anh\u00e4nger Fundst\u00fcck 1\"}]},{\"@type\":\"WebSite\",\"@id\":\"https:\\\/\\\/meschonka.com\\\/#website\",\"url\":\"https:\\\/\\\/meschonka.com\\\/\",\"name\":\"Meschonka\",\"description\":\"\",\"publisher\":{\"@id\":\"https:\\\/\\\/meschonka.com\\\/#organization\"},\"potentialAction\":[{\"@type\":\"SearchAction\",\"target\":{\"@type\":\"EntryPoint\",\"urlTemplate\":\"https:\\\/\\\/meschonka.com\\\/?s={search_term_string}\"},\"query-input\":{\"@type\":\"PropertyValueSpecification\",\"valueRequired\":true,\"valueName\":\"search_term_string\"}}],\"inLanguage\":\"en-US\"},{\"@type\":\"Organization\",\"@id\":\"https:\\\/\\\/meschonka.com\\\/#organization\",\"name\":\"Meschonka\",\"url\":\"https:\\\/\\\/meschonka.com\\\/\",\"logo\":{\"@type\":\"ImageObject\",\"inLanguage\":\"en-US\",\"@id\":\"https:\\\/\\\/meschonka.com\\\/#\\\/schema\\\/logo\\\/image\\\/\",\"url\":\"https:\\\/\\\/meschonka.com\\\/wp-content\\\/uploads\\\/2024\\\/10\\\/Mein-Logo-gross-768x768-2.jpg\",\"contentUrl\":\"https:\\\/\\\/meschonka.com\\\/wp-content\\\/uploads\\\/2024\\\/10\\\/Mein-Logo-gross-768x768-2.jpg\",\"width\":768,\"height\":768,\"caption\":\"Meschonka\"},\"image\":{\"@id\":\"https:\\\/\\\/meschonka.com\\\/#\\\/schema\\\/logo\\\/image\\\/\"}}]}<\/script>\n<!-- \/ Yoast SEO plugin. -->","yoast_head_json":{"title":"Anh\u00e4nger Fundst\u00fcck 1 - Goldschmiede - Maria Scheschonka","description":"Handgearbeiteter Anh\u00e4nger aus Sterlingsilber mit Seeglas in zartem Hellblau. Mit \u00d6se f\u00fcr verschiedene Ketten oder Seidenband.","robots":{"index":"noindex","follow":"follow","max-snippet":"max-snippet:-1","max-image-preview":"max-image-preview:large","max-video-preview":"max-video-preview:-1"},"og_locale":"en_US","og_type":"article","og_title":"Anh\u00e4nger Fundst\u00fcck 1 - Goldschmiede - Maria Scheschonka","og_description":"Handgearbeiteter Anh\u00e4nger aus Sterlingsilber mit Seeglas in zartem Hellblau. Mit \u00d6se f\u00fcr verschiedene Ketten oder Seidenband.","og_url":"https:\/\/meschonka.com\/shop\/halsschmuck\/16198\/","og_site_name":"Goldschmiede - Maria Scheschonka","article_modified_time":"2025-03-14T11:47:19+00:00","og_image":[{"width":1920,"height":1920,"url":"https:\/\/meschonka.com\/wp-content\/uploads\/2025\/01\/IMG_7423b.jpg","type":"image\/jpeg"}],"twitter_card":"summary_large_image","twitter_misc":{"Est. reading time":"1 minute"},"schema":{"@context":"https:\/\/schema.org","@graph":[{"@type":"WebPage","@id":"https:\/\/meschonka.com\/shop\/halsschmuck\/16198\/","url":"https:\/\/meschonka.com\/shop\/halsschmuck\/16198\/","name":"Anh\u00e4nger Fundst\u00fcck 1 - Goldschmiede - Maria Scheschonka","isPartOf":{"@id":"https:\/\/meschonka.com\/#website"},"primaryImageOfPage":{"@id":"https:\/\/meschonka.com\/shop\/halsschmuck\/16198\/#primaryimage"},"image":{"@id":"https:\/\/meschonka.com\/shop\/halsschmuck\/16198\/#primaryimage"},"thumbnailUrl":"https:\/\/meschonka.com\/wp-content\/uploads\/2025\/01\/IMG_7423b.jpg","datePublished":"2025-01-20T16:02:55+00:00","dateModified":"2025-03-14T11:47:19+00:00","description":"Handgearbeiteter Anh\u00e4nger aus Sterlingsilber mit Seeglas in zartem Hellblau. Mit \u00d6se f\u00fcr verschiedene Ketten oder Seidenband.","breadcrumb":{"@id":"https:\/\/meschonka.com\/shop\/halsschmuck\/16198\/#breadcrumb"},"inLanguage":"en-US","potentialAction":[{"@type":"ReadAction","target":["https:\/\/meschonka.com\/shop\/halsschmuck\/16198\/"]}]},{"@type":"ImageObject","inLanguage":"en-US","@id":"https:\/\/meschonka.com\/shop\/halsschmuck\/16198\/#primaryimage","url":"https:\/\/meschonka.com\/wp-content\/uploads\/2025\/01\/IMG_7423b.jpg","contentUrl":"https:\/\/meschonka.com\/wp-content\/uploads\/2025\/01\/IMG_7423b.jpg","width":1920,"height":1920,"caption":"Anh\u00e4nger aus Seeglas in silberner Zargenfassung"},{"@type":"BreadcrumbList","@id":"https:\/\/meschonka.com\/shop\/halsschmuck\/16198\/#breadcrumb","itemListElement":[{"@type":"ListItem","position":1,"name":"Startseite","item":"https:\/\/meschonka.com\/"},{"@type":"ListItem","position":2,"name":"Shop","item":"https:\/\/meschonka.com\/shop\/"},{"@type":"ListItem","position":3,"name":"Anh\u00e4nger Fundst\u00fcck 1"}]},{"@type":"WebSite","@id":"https:\/\/meschonka.com\/#website","url":"https:\/\/meschonka.com\/","name":"Meschonka","description":"","publisher":{"@id":"https:\/\/meschonka.com\/#organization"},"potentialAction":[{"@type":"SearchAction","target":{"@type":"EntryPoint","urlTemplate":"https:\/\/meschonka.com\/?s={search_term_string}"},"query-input":{"@type":"PropertyValueSpecification","valueRequired":true,"valueName":"search_term_string"}}],"inLanguage":"en-US"},{"@type":"Organization","@id":"https:\/\/meschonka.com\/#organization","name":"Meschonka","url":"https:\/\/meschonka.com\/","logo":{"@type":"ImageObject","inLanguage":"en-US","@id":"https:\/\/meschonka.com\/#\/schema\/logo\/image\/","url":"https:\/\/meschonka.com\/wp-content\/uploads\/2024\/10\/Mein-Logo-gross-768x768-2.jpg","contentUrl":"https:\/\/meschonka.com\/wp-content\/uploads\/2024\/10\/Mein-Logo-gross-768x768-2.jpg","width":768,"height":768,"caption":"Meschonka"},"image":{"@id":"https:\/\/meschonka.com\/#\/schema\/logo\/image\/"}}]}},"_links":{"self":[{"href":"https:\/\/meschonka.com\/en\/wp-json\/wp\/v2\/product\/16198","targetHints":{"allow":["GET"]}}],"collection":[{"href":"https:\/\/meschonka.com\/en\/wp-json\/wp\/v2\/product"}],"about":[{"href":"https:\/\/meschonka.com\/en\/wp-json\/wp\/v2\/types\/product"}],"version-history":[{"count":4,"href":"https:\/\/meschonka.com\/en\/wp-json\/wp\/v2\/product\/16198\/revisions"}],"predecessor-version":[{"id":16215,"href":"https:\/\/meschonka.com\/en\/wp-json\/wp\/v2\/product\/16198\/revisions\/16215"}],"wp:featuredmedia":[{"embeddable":true,"href":"https:\/\/meschonka.com\/en\/wp-json\/wp\/v2\/media\/16460"}],"wp:attachment":[{"href":"https:\/\/meschonka.com\/en\/wp-json\/wp\/v2\/media?parent=16198"}],"wp:term":[{"taxonomy":"product_brand","embeddable":true,"href":"https:\/\/meschonka.com\/en\/wp-json\/wp\/v2\/product_brand?post=16198"},{"taxonomy":"product_cat","embeddable":true,"href":"https:\/\/meschonka.com\/en\/wp-json\/wp\/v2\/product_cat?post=16198"},{"taxonomy":"product_tag","embeddable":true,"href":"https:\/\/meschonka.com\/en\/wp-json\/wp\/v2\/product_tag?post=16198"}],"curies":[{"name":"wp","href":"https:\/\/api.w.org\/{rel}","templated":true}]}}