{"id":16150,"date":"2025-01-19T18:03:52","date_gmt":"2025-01-19T17:03:52","guid":{"rendered":"https:\/\/meschonka.com\/?post_type=product&#038;p=16150"},"modified":"2025-06-28T13:57:20","modified_gmt":"2025-06-28T11:57:20","slug":"ring-nymphaea","status":"publish","type":"product","link":"https:\/\/meschonka.com\/en\/shop\/rings\/ring-nymphaea\/","title":{"rendered":"Ring Nymphaea"},"content":{"rendered":"<p>Zarter handgearbeiteter Ring aus Sterlingsilber und indischem Mondstein. Der Stein ist als runder Cabochon geschliffen und sitzt in einer besonderen Fassung, deren Form einer Seerosenbl\u00fcte nachempfunden ist. Auf der Ringschiene sind mehrere Applikationen in Form von Seerosenbl\u00e4ttern angebracht.<\/p>\n<p>Die Oberfl\u00e4che der Ringschiene ist fein mattiert, die der Fassung und der Bl\u00e4tter hochglanzpoliert. Zum Schutz vor Kratzern und Verf\u00e4rbung ist das Metall komplett rhodiniert.<\/p>\n<p>Ringgr\u00f6\u00dfe 51<\/p>\n<p>Steindurchmesser 5mm<\/p>\n<p>Breite der Ringschiene 2mm<\/p>\n","protected":false},"excerpt":{"rendered":"<p>Handgearbeiteter Silberring , inspiriert von Seerosen<\/p>\n","protected":false},"featured_media":16461,"template":"","meta":[],"product_brand":[],"product_cat":[207,98],"product_tag":[122,119,120,89],"class_list":{"0":"post-16150","1":"product","2":"type-product","3":"status-publish","4":"has-post-thumbnail","6":"product_cat-edelsteinschmuck","7":"product_cat-ringe","8":"product_tag-draussen","9":"product_tag-indischer-mondstein","10":"product_tag-rhodiniert","11":"product_tag-silber","12":"product_shipping_class-bis-500e-warenwert","14":"first","15":"instock","16":"shipping-taxable","17":"purchasable","18":"product-type-simple"},"yoast_head":"<!-- This site is optimized with the Yoast SEO plugin v27.4 - https:\/\/yoast.com\/product\/yoast-seo-wordpress\/ -->\n<title>Ring Nymphaea - Goldschmiede - Maria Scheschonka<\/title>\n<meta name=\"description\" content=\"Handgearbeiteter Ring aus Sterlingsilber und indischem Mondstein in einer besonderen Fassungen, deren Form einer Seerosenbl\u00fcte nachempfunden ist.\u00a0\" \/>\n<meta name=\"robots\" content=\"noindex, follow, max-snippet:-1, max-image-preview:large, max-video-preview:-1\" \/>\n<meta property=\"og:locale\" content=\"en_US\" \/>\n<meta property=\"og:type\" content=\"article\" \/>\n<meta property=\"og:title\" content=\"Ring Nymphaea - Goldschmiede - Maria Scheschonka\" \/>\n<meta property=\"og:description\" content=\"Handgearbeiteter Ring aus Sterlingsilber und indischem Mondstein in einer besonderen Fassungen, deren Form einer Seerosenbl\u00fcte nachempfunden ist.\u00a0\" \/>\n<meta property=\"og:url\" content=\"https:\/\/meschonka.com\/shop\/ringe\/ring-nymphaea\/\" \/>\n<meta property=\"og:site_name\" content=\"Goldschmiede - Maria Scheschonka\" \/>\n<meta property=\"article:modified_time\" content=\"2025-06-28T11:57:20+00:00\" \/>\n<meta property=\"og:image\" content=\"https:\/\/meschonka.com\/wp-content\/uploads\/2025\/01\/IMG_7521b.jpg\" \/>\n\t<meta property=\"og:image:width\" content=\"1920\" \/>\n\t<meta property=\"og:image:height\" content=\"1920\" \/>\n\t<meta property=\"og:image:type\" content=\"image\/jpeg\" \/>\n<meta name=\"twitter:card\" content=\"summary_large_image\" \/>\n<meta name=\"twitter:label1\" content=\"Est. reading time\" \/>\n\t<meta name=\"twitter:data1\" content=\"1 minute\" \/>\n<script type=\"application\/ld+json\" class=\"yoast-schema-graph\">{\"@context\":\"https:\\\/\\\/schema.org\",\"@graph\":[{\"@type\":\"WebPage\",\"@id\":\"https:\\\/\\\/meschonka.com\\\/shop\\\/ringe\\\/ring-nymphaea\\\/\",\"url\":\"https:\\\/\\\/meschonka.com\\\/shop\\\/ringe\\\/ring-nymphaea\\\/\",\"name\":\"Ring Nymphaea - Goldschmiede - Maria Scheschonka\",\"isPartOf\":{\"@id\":\"https:\\\/\\\/meschonka.com\\\/#website\"},\"primaryImageOfPage\":{\"@id\":\"https:\\\/\\\/meschonka.com\\\/shop\\\/ringe\\\/ring-nymphaea\\\/#primaryimage\"},\"image\":{\"@id\":\"https:\\\/\\\/meschonka.com\\\/shop\\\/ringe\\\/ring-nymphaea\\\/#primaryimage\"},\"thumbnailUrl\":\"https:\\\/\\\/meschonka.com\\\/wp-content\\\/uploads\\\/2025\\\/01\\\/IMG_7521b.jpg\",\"datePublished\":\"2025-01-19T17:03:52+00:00\",\"dateModified\":\"2025-06-28T11:57:20+00:00\",\"description\":\"Handgearbeiteter Ring aus Sterlingsilber und indischem Mondstein in einer besonderen Fassungen, deren Form einer Seerosenbl\u00fcte nachempfunden ist.\u00a0\",\"breadcrumb\":{\"@id\":\"https:\\\/\\\/meschonka.com\\\/shop\\\/ringe\\\/ring-nymphaea\\\/#breadcrumb\"},\"inLanguage\":\"en-US\",\"potentialAction\":[{\"@type\":\"ReadAction\",\"target\":[\"https:\\\/\\\/meschonka.com\\\/shop\\\/ringe\\\/ring-nymphaea\\\/\"]}]},{\"@type\":\"ImageObject\",\"inLanguage\":\"en-US\",\"@id\":\"https:\\\/\\\/meschonka.com\\\/shop\\\/ringe\\\/ring-nymphaea\\\/#primaryimage\",\"url\":\"https:\\\/\\\/meschonka.com\\\/wp-content\\\/uploads\\\/2025\\\/01\\\/IMG_7521b.jpg\",\"contentUrl\":\"https:\\\/\\\/meschonka.com\\\/wp-content\\\/uploads\\\/2025\\\/01\\\/IMG_7521b.jpg\",\"width\":1920,\"height\":1920,\"caption\":\"Silberring mit grauem indischen Mondsteincabochon und Applikationen in Form von Bl\u00e4ttern\"},{\"@type\":\"BreadcrumbList\",\"@id\":\"https:\\\/\\\/meschonka.com\\\/shop\\\/ringe\\\/ring-nymphaea\\\/#breadcrumb\",\"itemListElement\":[{\"@type\":\"ListItem\",\"position\":1,\"name\":\"Startseite\",\"item\":\"https:\\\/\\\/meschonka.com\\\/\"},{\"@type\":\"ListItem\",\"position\":2,\"name\":\"Shop\",\"item\":\"https:\\\/\\\/meschonka.com\\\/shop\\\/\"},{\"@type\":\"ListItem\",\"position\":3,\"name\":\"Ring Nymphaea\"}]},{\"@type\":\"WebSite\",\"@id\":\"https:\\\/\\\/meschonka.com\\\/#website\",\"url\":\"https:\\\/\\\/meschonka.com\\\/\",\"name\":\"Meschonka\",\"description\":\"\",\"publisher\":{\"@id\":\"https:\\\/\\\/meschonka.com\\\/#organization\"},\"potentialAction\":[{\"@type\":\"SearchAction\",\"target\":{\"@type\":\"EntryPoint\",\"urlTemplate\":\"https:\\\/\\\/meschonka.com\\\/?s={search_term_string}\"},\"query-input\":{\"@type\":\"PropertyValueSpecification\",\"valueRequired\":true,\"valueName\":\"search_term_string\"}}],\"inLanguage\":\"en-US\"},{\"@type\":\"Organization\",\"@id\":\"https:\\\/\\\/meschonka.com\\\/#organization\",\"name\":\"Meschonka\",\"url\":\"https:\\\/\\\/meschonka.com\\\/\",\"logo\":{\"@type\":\"ImageObject\",\"inLanguage\":\"en-US\",\"@id\":\"https:\\\/\\\/meschonka.com\\\/#\\\/schema\\\/logo\\\/image\\\/\",\"url\":\"https:\\\/\\\/meschonka.com\\\/wp-content\\\/uploads\\\/2024\\\/10\\\/Mein-Logo-gross-768x768-2.jpg\",\"contentUrl\":\"https:\\\/\\\/meschonka.com\\\/wp-content\\\/uploads\\\/2024\\\/10\\\/Mein-Logo-gross-768x768-2.jpg\",\"width\":768,\"height\":768,\"caption\":\"Meschonka\"},\"image\":{\"@id\":\"https:\\\/\\\/meschonka.com\\\/#\\\/schema\\\/logo\\\/image\\\/\"}}]}<\/script>\n<!-- \/ Yoast SEO plugin. -->","yoast_head_json":{"title":"Ring Nymphaea - Goldschmiede - Maria Scheschonka","description":"Handgearbeiteter Ring aus Sterlingsilber und indischem Mondstein in einer besonderen Fassungen, deren Form einer Seerosenbl\u00fcte nachempfunden ist.\u00a0","robots":{"index":"noindex","follow":"follow","max-snippet":"max-snippet:-1","max-image-preview":"max-image-preview:large","max-video-preview":"max-video-preview:-1"},"og_locale":"en_US","og_type":"article","og_title":"Ring Nymphaea - Goldschmiede - Maria Scheschonka","og_description":"Handgearbeiteter Ring aus Sterlingsilber und indischem Mondstein in einer besonderen Fassungen, deren Form einer Seerosenbl\u00fcte nachempfunden ist.\u00a0","og_url":"https:\/\/meschonka.com\/shop\/ringe\/ring-nymphaea\/","og_site_name":"Goldschmiede - Maria Scheschonka","article_modified_time":"2025-06-28T11:57:20+00:00","og_image":[{"width":1920,"height":1920,"url":"https:\/\/meschonka.com\/wp-content\/uploads\/2025\/01\/IMG_7521b.jpg","type":"image\/jpeg"}],"twitter_card":"summary_large_image","twitter_misc":{"Est. reading time":"1 minute"},"schema":{"@context":"https:\/\/schema.org","@graph":[{"@type":"WebPage","@id":"https:\/\/meschonka.com\/shop\/ringe\/ring-nymphaea\/","url":"https:\/\/meschonka.com\/shop\/ringe\/ring-nymphaea\/","name":"Ring Nymphaea - Goldschmiede - Maria Scheschonka","isPartOf":{"@id":"https:\/\/meschonka.com\/#website"},"primaryImageOfPage":{"@id":"https:\/\/meschonka.com\/shop\/ringe\/ring-nymphaea\/#primaryimage"},"image":{"@id":"https:\/\/meschonka.com\/shop\/ringe\/ring-nymphaea\/#primaryimage"},"thumbnailUrl":"https:\/\/meschonka.com\/wp-content\/uploads\/2025\/01\/IMG_7521b.jpg","datePublished":"2025-01-19T17:03:52+00:00","dateModified":"2025-06-28T11:57:20+00:00","description":"Handgearbeiteter Ring aus Sterlingsilber und indischem Mondstein in einer besonderen Fassungen, deren Form einer Seerosenbl\u00fcte nachempfunden ist.\u00a0","breadcrumb":{"@id":"https:\/\/meschonka.com\/shop\/ringe\/ring-nymphaea\/#breadcrumb"},"inLanguage":"en-US","potentialAction":[{"@type":"ReadAction","target":["https:\/\/meschonka.com\/shop\/ringe\/ring-nymphaea\/"]}]},{"@type":"ImageObject","inLanguage":"en-US","@id":"https:\/\/meschonka.com\/shop\/ringe\/ring-nymphaea\/#primaryimage","url":"https:\/\/meschonka.com\/wp-content\/uploads\/2025\/01\/IMG_7521b.jpg","contentUrl":"https:\/\/meschonka.com\/wp-content\/uploads\/2025\/01\/IMG_7521b.jpg","width":1920,"height":1920,"caption":"Silberring mit grauem indischen Mondsteincabochon und Applikationen in Form von Bl\u00e4ttern"},{"@type":"BreadcrumbList","@id":"https:\/\/meschonka.com\/shop\/ringe\/ring-nymphaea\/#breadcrumb","itemListElement":[{"@type":"ListItem","position":1,"name":"Startseite","item":"https:\/\/meschonka.com\/"},{"@type":"ListItem","position":2,"name":"Shop","item":"https:\/\/meschonka.com\/shop\/"},{"@type":"ListItem","position":3,"name":"Ring Nymphaea"}]},{"@type":"WebSite","@id":"https:\/\/meschonka.com\/#website","url":"https:\/\/meschonka.com\/","name":"Meschonka","description":"","publisher":{"@id":"https:\/\/meschonka.com\/#organization"},"potentialAction":[{"@type":"SearchAction","target":{"@type":"EntryPoint","urlTemplate":"https:\/\/meschonka.com\/?s={search_term_string}"},"query-input":{"@type":"PropertyValueSpecification","valueRequired":true,"valueName":"search_term_string"}}],"inLanguage":"en-US"},{"@type":"Organization","@id":"https:\/\/meschonka.com\/#organization","name":"Meschonka","url":"https:\/\/meschonka.com\/","logo":{"@type":"ImageObject","inLanguage":"en-US","@id":"https:\/\/meschonka.com\/#\/schema\/logo\/image\/","url":"https:\/\/meschonka.com\/wp-content\/uploads\/2024\/10\/Mein-Logo-gross-768x768-2.jpg","contentUrl":"https:\/\/meschonka.com\/wp-content\/uploads\/2024\/10\/Mein-Logo-gross-768x768-2.jpg","width":768,"height":768,"caption":"Meschonka"},"image":{"@id":"https:\/\/meschonka.com\/#\/schema\/logo\/image\/"}}]}},"_links":{"self":[{"href":"https:\/\/meschonka.com\/en\/wp-json\/wp\/v2\/product\/16150","targetHints":{"allow":["GET"]}}],"collection":[{"href":"https:\/\/meschonka.com\/en\/wp-json\/wp\/v2\/product"}],"about":[{"href":"https:\/\/meschonka.com\/en\/wp-json\/wp\/v2\/types\/product"}],"version-history":[{"count":3,"href":"https:\/\/meschonka.com\/en\/wp-json\/wp\/v2\/product\/16150\/revisions"}],"predecessor-version":[{"id":16235,"href":"https:\/\/meschonka.com\/en\/wp-json\/wp\/v2\/product\/16150\/revisions\/16235"}],"wp:featuredmedia":[{"embeddable":true,"href":"https:\/\/meschonka.com\/en\/wp-json\/wp\/v2\/media\/16461"}],"wp:attachment":[{"href":"https:\/\/meschonka.com\/en\/wp-json\/wp\/v2\/media?parent=16150"}],"wp:term":[{"taxonomy":"product_brand","embeddable":true,"href":"https:\/\/meschonka.com\/en\/wp-json\/wp\/v2\/product_brand?post=16150"},{"taxonomy":"product_cat","embeddable":true,"href":"https:\/\/meschonka.com\/en\/wp-json\/wp\/v2\/product_cat?post=16150"},{"taxonomy":"product_tag","embeddable":true,"href":"https:\/\/meschonka.com\/en\/wp-json\/wp\/v2\/product_tag?post=16150"}],"curies":[{"name":"wp","href":"https:\/\/api.w.org\/{rel}","templated":true}]}}