{"id":16093,"date":"2025-01-02T21:13:39","date_gmt":"2025-01-02T20:13:39","guid":{"rendered":"https:\/\/meschonka.com\/?post_type=product&#038;p=16093"},"modified":"2025-06-28T13:58:32","modified_gmt":"2025-06-28T11:58:32","slug":"16093","status":"publish","type":"product","link":"https:\/\/meschonka.com\/en\/shop\/necklaces\/16093\/","title":{"rendered":"Anh\u00e4nger Lavendel"},"content":{"rendered":"<p>Ein Amethyst im Spezialschliff mit gro\u00dfen Facetten, die die Farbe besonders sch\u00f6n zur Geltung bringen.<\/p>\n<p>Der Anh\u00e4nger ist ein in Handarbeit hergestelltes Einzelst\u00fcck; die Aufh\u00e4ngung besteht aus Sterlingsilber mit einer schlichten \u00d6se, die gro\u00df genug f\u00fcr viele verschiedene Ketten ist.<\/p>\n<p>Der Anh\u00e4nger sieht sowohl an einer k\u00fcrzeren Kette im Ausschnitt getragen als auch an einer l\u00e4ngeren \u00fcber der Kleidung gut aus. Vor einem hellen Hintergrund wirkt die Farbe besonders knallig lila; vor einem dunklen erkennt man dagegen besonders gut die rosafarbenen Reflexe im Inneren des Steins.<\/p>\n<p>L\u00e4nge mit Aufh\u00e4ngung 2,7cm<\/p>\n<p>L\u00e4nge des Steins 2cm<\/p>\n<p>Breite 25cm<\/p>\n<p>&nbsp;<\/p>\n","protected":false},"excerpt":{"rendered":"<p>Schlichter aber auff\u00e4lliger Anh\u00e4nger aus Sterlingsilber und lavendelfarbenem Amethyst im Spezialschliff<\/p>\n","protected":false},"featured_media":16468,"template":"","meta":[],"product_brand":[],"product_cat":[207,99],"product_tag":[105,92,89],"class_list":{"0":"post-16093","1":"product","2":"type-product","3":"status-publish","4":"has-post-thumbnail","6":"product_cat-edelsteinschmuck","7":"product_cat-halsschmuck","8":"product_tag-amethyst","9":"product_tag-einzelstueck","10":"product_tag-silber","11":"product_shipping_class-ueber-500e-warenwert","13":"first","14":"instock","15":"sold-individually","16":"shipping-taxable","17":"purchasable","18":"product-type-simple"},"yoast_head":"<!-- This site is optimized with the Yoast SEO plugin v27.4 - https:\/\/yoast.com\/product\/yoast-seo-wordpress\/ -->\n<title>Anh\u00e4nger Lavendel - Goldschmiede - Maria Scheschonka<\/title>\n<meta name=\"description\" content=\"Schlichter aber auff\u00e4lliger handgemachter Anh\u00e4nger aus Sterlingsilber und lavendelfarbenem Amethyst im Spezialschliff\" \/>\n<meta name=\"robots\" content=\"noindex, follow, max-snippet:-1, max-image-preview:large, max-video-preview:-1\" \/>\n<meta property=\"og:locale\" content=\"en_US\" \/>\n<meta property=\"og:type\" content=\"article\" \/>\n<meta property=\"og:title\" content=\"Anh\u00e4nger Lavendel - Goldschmiede - Maria Scheschonka\" \/>\n<meta property=\"og:description\" content=\"Schlichter aber auff\u00e4lliger handgemachter Anh\u00e4nger aus Sterlingsilber und lavendelfarbenem Amethyst im Spezialschliff\" \/>\n<meta property=\"og:url\" content=\"https:\/\/meschonka.com\/shop\/halsschmuck\/16093\/\" \/>\n<meta property=\"og:site_name\" content=\"Goldschmiede - Maria Scheschonka\" \/>\n<meta property=\"article:modified_time\" content=\"2025-06-28T11:58:32+00:00\" \/>\n<meta property=\"og:image\" content=\"https:\/\/meschonka.com\/wp-content\/uploads\/2025\/01\/IMG_7403b.jpg\" \/>\n\t<meta property=\"og:image:width\" content=\"3025\" \/>\n\t<meta property=\"og:image:height\" content=\"3025\" \/>\n\t<meta property=\"og:image:type\" content=\"image\/jpeg\" \/>\n<meta name=\"twitter:card\" content=\"summary_large_image\" \/>\n<meta name=\"twitter:label1\" content=\"Est. reading time\" \/>\n\t<meta name=\"twitter:data1\" content=\"1 minute\" \/>\n<script type=\"application\/ld+json\" class=\"yoast-schema-graph\">{\"@context\":\"https:\\\/\\\/schema.org\",\"@graph\":[{\"@type\":\"WebPage\",\"@id\":\"https:\\\/\\\/meschonka.com\\\/shop\\\/halsschmuck\\\/16093\\\/\",\"url\":\"https:\\\/\\\/meschonka.com\\\/shop\\\/halsschmuck\\\/16093\\\/\",\"name\":\"Anh\u00e4nger Lavendel - Goldschmiede - Maria Scheschonka\",\"isPartOf\":{\"@id\":\"https:\\\/\\\/meschonka.com\\\/#website\"},\"primaryImageOfPage\":{\"@id\":\"https:\\\/\\\/meschonka.com\\\/shop\\\/halsschmuck\\\/16093\\\/#primaryimage\"},\"image\":{\"@id\":\"https:\\\/\\\/meschonka.com\\\/shop\\\/halsschmuck\\\/16093\\\/#primaryimage\"},\"thumbnailUrl\":\"https:\\\/\\\/meschonka.com\\\/wp-content\\\/uploads\\\/2025\\\/01\\\/IMG_7403b.jpg\",\"datePublished\":\"2025-01-02T20:13:39+00:00\",\"dateModified\":\"2025-06-28T11:58:32+00:00\",\"description\":\"Schlichter aber auff\u00e4lliger handgemachter Anh\u00e4nger aus Sterlingsilber und lavendelfarbenem Amethyst im Spezialschliff\",\"breadcrumb\":{\"@id\":\"https:\\\/\\\/meschonka.com\\\/shop\\\/halsschmuck\\\/16093\\\/#breadcrumb\"},\"inLanguage\":\"en-US\",\"potentialAction\":[{\"@type\":\"ReadAction\",\"target\":[\"https:\\\/\\\/meschonka.com\\\/shop\\\/halsschmuck\\\/16093\\\/\"]}]},{\"@type\":\"ImageObject\",\"inLanguage\":\"en-US\",\"@id\":\"https:\\\/\\\/meschonka.com\\\/shop\\\/halsschmuck\\\/16093\\\/#primaryimage\",\"url\":\"https:\\\/\\\/meschonka.com\\\/wp-content\\\/uploads\\\/2025\\\/01\\\/IMG_7403b.jpg\",\"contentUrl\":\"https:\\\/\\\/meschonka.com\\\/wp-content\\\/uploads\\\/2025\\\/01\\\/IMG_7403b.jpg\",\"width\":3025,\"height\":3025},{\"@type\":\"BreadcrumbList\",\"@id\":\"https:\\\/\\\/meschonka.com\\\/shop\\\/halsschmuck\\\/16093\\\/#breadcrumb\",\"itemListElement\":[{\"@type\":\"ListItem\",\"position\":1,\"name\":\"Startseite\",\"item\":\"https:\\\/\\\/meschonka.com\\\/\"},{\"@type\":\"ListItem\",\"position\":2,\"name\":\"Shop\",\"item\":\"https:\\\/\\\/meschonka.com\\\/shop\\\/\"},{\"@type\":\"ListItem\",\"position\":3,\"name\":\"Anh\u00e4nger Lavendel\"}]},{\"@type\":\"WebSite\",\"@id\":\"https:\\\/\\\/meschonka.com\\\/#website\",\"url\":\"https:\\\/\\\/meschonka.com\\\/\",\"name\":\"Meschonka\",\"description\":\"\",\"publisher\":{\"@id\":\"https:\\\/\\\/meschonka.com\\\/#organization\"},\"potentialAction\":[{\"@type\":\"SearchAction\",\"target\":{\"@type\":\"EntryPoint\",\"urlTemplate\":\"https:\\\/\\\/meschonka.com\\\/?s={search_term_string}\"},\"query-input\":{\"@type\":\"PropertyValueSpecification\",\"valueRequired\":true,\"valueName\":\"search_term_string\"}}],\"inLanguage\":\"en-US\"},{\"@type\":\"Organization\",\"@id\":\"https:\\\/\\\/meschonka.com\\\/#organization\",\"name\":\"Meschonka\",\"url\":\"https:\\\/\\\/meschonka.com\\\/\",\"logo\":{\"@type\":\"ImageObject\",\"inLanguage\":\"en-US\",\"@id\":\"https:\\\/\\\/meschonka.com\\\/#\\\/schema\\\/logo\\\/image\\\/\",\"url\":\"https:\\\/\\\/meschonka.com\\\/wp-content\\\/uploads\\\/2024\\\/10\\\/Mein-Logo-gross-768x768-2.jpg\",\"contentUrl\":\"https:\\\/\\\/meschonka.com\\\/wp-content\\\/uploads\\\/2024\\\/10\\\/Mein-Logo-gross-768x768-2.jpg\",\"width\":768,\"height\":768,\"caption\":\"Meschonka\"},\"image\":{\"@id\":\"https:\\\/\\\/meschonka.com\\\/#\\\/schema\\\/logo\\\/image\\\/\"}}]}<\/script>\n<!-- \/ Yoast SEO plugin. -->","yoast_head_json":{"title":"Anh\u00e4nger Lavendel - Goldschmiede - Maria Scheschonka","description":"Schlichter aber auff\u00e4lliger handgemachter Anh\u00e4nger aus Sterlingsilber und lavendelfarbenem Amethyst im Spezialschliff","robots":{"index":"noindex","follow":"follow","max-snippet":"max-snippet:-1","max-image-preview":"max-image-preview:large","max-video-preview":"max-video-preview:-1"},"og_locale":"en_US","og_type":"article","og_title":"Anh\u00e4nger Lavendel - Goldschmiede - Maria Scheschonka","og_description":"Schlichter aber auff\u00e4lliger handgemachter Anh\u00e4nger aus Sterlingsilber und lavendelfarbenem Amethyst im Spezialschliff","og_url":"https:\/\/meschonka.com\/shop\/halsschmuck\/16093\/","og_site_name":"Goldschmiede - Maria Scheschonka","article_modified_time":"2025-06-28T11:58:32+00:00","og_image":[{"width":3025,"height":3025,"url":"https:\/\/meschonka.com\/wp-content\/uploads\/2025\/01\/IMG_7403b.jpg","type":"image\/jpeg"}],"twitter_card":"summary_large_image","twitter_misc":{"Est. reading time":"1 minute"},"schema":{"@context":"https:\/\/schema.org","@graph":[{"@type":"WebPage","@id":"https:\/\/meschonka.com\/shop\/halsschmuck\/16093\/","url":"https:\/\/meschonka.com\/shop\/halsschmuck\/16093\/","name":"Anh\u00e4nger Lavendel - Goldschmiede - Maria Scheschonka","isPartOf":{"@id":"https:\/\/meschonka.com\/#website"},"primaryImageOfPage":{"@id":"https:\/\/meschonka.com\/shop\/halsschmuck\/16093\/#primaryimage"},"image":{"@id":"https:\/\/meschonka.com\/shop\/halsschmuck\/16093\/#primaryimage"},"thumbnailUrl":"https:\/\/meschonka.com\/wp-content\/uploads\/2025\/01\/IMG_7403b.jpg","datePublished":"2025-01-02T20:13:39+00:00","dateModified":"2025-06-28T11:58:32+00:00","description":"Schlichter aber auff\u00e4lliger handgemachter Anh\u00e4nger aus Sterlingsilber und lavendelfarbenem Amethyst im Spezialschliff","breadcrumb":{"@id":"https:\/\/meschonka.com\/shop\/halsschmuck\/16093\/#breadcrumb"},"inLanguage":"en-US","potentialAction":[{"@type":"ReadAction","target":["https:\/\/meschonka.com\/shop\/halsschmuck\/16093\/"]}]},{"@type":"ImageObject","inLanguage":"en-US","@id":"https:\/\/meschonka.com\/shop\/halsschmuck\/16093\/#primaryimage","url":"https:\/\/meschonka.com\/wp-content\/uploads\/2025\/01\/IMG_7403b.jpg","contentUrl":"https:\/\/meschonka.com\/wp-content\/uploads\/2025\/01\/IMG_7403b.jpg","width":3025,"height":3025},{"@type":"BreadcrumbList","@id":"https:\/\/meschonka.com\/shop\/halsschmuck\/16093\/#breadcrumb","itemListElement":[{"@type":"ListItem","position":1,"name":"Startseite","item":"https:\/\/meschonka.com\/"},{"@type":"ListItem","position":2,"name":"Shop","item":"https:\/\/meschonka.com\/shop\/"},{"@type":"ListItem","position":3,"name":"Anh\u00e4nger Lavendel"}]},{"@type":"WebSite","@id":"https:\/\/meschonka.com\/#website","url":"https:\/\/meschonka.com\/","name":"Meschonka","description":"","publisher":{"@id":"https:\/\/meschonka.com\/#organization"},"potentialAction":[{"@type":"SearchAction","target":{"@type":"EntryPoint","urlTemplate":"https:\/\/meschonka.com\/?s={search_term_string}"},"query-input":{"@type":"PropertyValueSpecification","valueRequired":true,"valueName":"search_term_string"}}],"inLanguage":"en-US"},{"@type":"Organization","@id":"https:\/\/meschonka.com\/#organization","name":"Meschonka","url":"https:\/\/meschonka.com\/","logo":{"@type":"ImageObject","inLanguage":"en-US","@id":"https:\/\/meschonka.com\/#\/schema\/logo\/image\/","url":"https:\/\/meschonka.com\/wp-content\/uploads\/2024\/10\/Mein-Logo-gross-768x768-2.jpg","contentUrl":"https:\/\/meschonka.com\/wp-content\/uploads\/2024\/10\/Mein-Logo-gross-768x768-2.jpg","width":768,"height":768,"caption":"Meschonka"},"image":{"@id":"https:\/\/meschonka.com\/#\/schema\/logo\/image\/"}}]}},"_links":{"self":[{"href":"https:\/\/meschonka.com\/en\/wp-json\/wp\/v2\/product\/16093","targetHints":{"allow":["GET"]}}],"collection":[{"href":"https:\/\/meschonka.com\/en\/wp-json\/wp\/v2\/product"}],"about":[{"href":"https:\/\/meschonka.com\/en\/wp-json\/wp\/v2\/types\/product"}],"version-history":[{"count":4,"href":"https:\/\/meschonka.com\/en\/wp-json\/wp\/v2\/product\/16093\/revisions"}],"predecessor-version":[{"id":16507,"href":"https:\/\/meschonka.com\/en\/wp-json\/wp\/v2\/product\/16093\/revisions\/16507"}],"wp:featuredmedia":[{"embeddable":true,"href":"https:\/\/meschonka.com\/en\/wp-json\/wp\/v2\/media\/16468"}],"wp:attachment":[{"href":"https:\/\/meschonka.com\/en\/wp-json\/wp\/v2\/media?parent=16093"}],"wp:term":[{"taxonomy":"product_brand","embeddable":true,"href":"https:\/\/meschonka.com\/en\/wp-json\/wp\/v2\/product_brand?post=16093"},{"taxonomy":"product_cat","embeddable":true,"href":"https:\/\/meschonka.com\/en\/wp-json\/wp\/v2\/product_cat?post=16093"},{"taxonomy":"product_tag","embeddable":true,"href":"https:\/\/meschonka.com\/en\/wp-json\/wp\/v2\/product_tag?post=16093"}],"curies":[{"name":"wp","href":"https:\/\/api.w.org\/{rel}","templated":true}]}}